{"id":895,"date":"2015-01-17T13:46:19","date_gmt":"2015-01-17T12:46:19","guid":{"rendered":"http:\/\/www.einjahrzitate.de\/?page_id=895"},"modified":"2015-06-09T16:33:19","modified_gmt":"2015-06-09T15:33:19","slug":"charles-de-gaulle","status":"publish","type":"page","link":"https:\/\/www.einjahrzitate.de\/?page_id=895","title":{"rendered":"Charles de Gaulle"},"content":{"rendered":"<h3><span style=\"color: #3366ff;\">Charles de Gaulle:<\/span> Charles de Gaulle wurde am 22. November 1890 in Lille geboren. Nach dem Abitur ging er im Jahr 1908 auf die Milit\u00e4rschule Saint-Cyr, die er mit dem Grad des Leutnants abschloss. Daraufhin trat er in die franz\u00f6sische Armee ein. Im Ersten Weltkrieg wurde er zum Hauptmann bef\u00f6rdert und geriet nach der Schlacht um Verdun in deutsche Kriegsgefangenschaft, der er durch mehrere Fluchtversuche zu entkommen versuchte. W\u00e4hrend des von 1919 &#8211; 1921 dauernden Polnisch-Sowjetischen Kriegs bildete Charles de Gaulle Soldaten f\u00fcr die polnische Infanterie aus. Zur\u00fcck in Frankreich unterrichtete er an der Milit\u00e4rschule Saint-Cyr, die er 1925 verlie\u00df. Er trat in den von Marschall Philippe P\u00e9tain geleiteten Stab ein und arbeitete ab 1932 f\u00fcr den Nationalen Verteidigungsrat.<br \/>\nZu Beginn des Zweiten Weltkriegs war er zum Oberst bef\u00f6rdert worden und kommandierte eine Panzerdivision. Am 19. Mai 1940 wurde Charles de Gaulle zum General ernannt. W\u00e4hrend Marschall Philippe P\u00e9tain einen Waffenstillstand mit dem nationalsozialistischen Deutschland bef\u00fcrwortete, rief Charles de Gaulle am 18. Juni 1940 in London \u00fcber BBC das franz\u00f6sische Volk auf, gegen die deutschen Besatzer weiterzuk\u00e4mpfen. Kurze Zeit sp\u00e4ter gr\u00fcndete de Gaulle das Komitee <i>Freies Frankreich<\/i>.<br \/>\nNach dem Krieg wurde Charles de Gaulle am 13. November 1945 zum Ministerpr\u00e4sidenten der provisorischen Regierung ernannt, er trat aber wegen Meinungsunterschieden mit den Sozialisten und Kommunisten im Januar 1946 wieder zur\u00fcck. Er lehnte die neu ausgearbeitete Verfassung der Vierten Republik ab. Im Verlauf des Algerienkriegs kam es zu einer Verfassungskrise der Vierten Republik, weshalb de Gaulle eine neue Verfassung beschloss, in der dem Staatspr\u00e4sidenten eine st\u00e4rkere Stellung zugebilligt wurde. Am 8. Januar 1959 wurde Charles de Gaulle zum Pr\u00e4sidenten der F\u00fcnften Republik ernannt. Zusammen mit dem deutschen Bundeskanzler Konrad Adenauer kam es zur Auss\u00f6hnung zwischen den beiden L\u00e4ndern, und im Januar 1963 wurde der deutsch-franz\u00f6sische Freundschaftsvertrag unterzeichnet. De Gaulle wehrte sich gegen eine milit\u00e4rische Dominanz der USA und der UdSSR und lie\u00df Anfang der sechziger Jahre Kernwaffentests durchf\u00fchren.<br \/>\nDie Proteste der Studenten im Mai 1968, die f\u00fcr de Gaulle unter dem Einfluss der Kommunisten Partei Frankreichs standen, f\u00fchrten im Juni desselben Jahrs zu Wahlen, die von den Anh\u00e4ngern de Gaulles gewonnen wurden. Im Februar 1969 machte Charles de Gaulle den Vorschlag, ohne Beteiligung der Nationalversammlung die Verfassung \u00e4ndern zu k\u00f6nnen. Dieser Vorschlag f\u00fchrte zu einem Referendum, das aber keine Mehrheit fand. Daraufhin trat Charles de Gaulle einige Minuten nach Mitternacht am 28. April 1969 vom Amt des franz\u00f6sischen Staatspr\u00e4sidenten zur\u00fcck.<br \/>\nCharles de Gaulle starb am 9. November 1970 in Combey-les-Deux-Eglises, wo sich auch sein Grab befindet.<\/h3>\n<div class='watch-action'><div class='watch-position align-right'><div class='action-like'><a class='lbg-style1 like-895 jlk' href='javascript:void(0)' data-task='like' data-post_id='895' data-nonce='166a765446' rel='nofollow'><img class='wti-pixel' src='https:\/\/www.einjahrzitate.de\/wp-content\/plugins\/wti-like-post\/images\/pixel.gif' title='Interessant' \/><span class='lc-895 lc'>0<\/span><\/a><\/div><\/div> <div class='status-895 status align-right'><\/div><\/div><div class='wti-clear'><\/div>","protected":false},"excerpt":{"rendered":"<p>Charles de Gaulle: Charles de Gaulle wurde am 22. November 1890 in Lille geboren. Nach dem Abitur ging er im Jahr 1908 auf die Milit\u00e4rschule Saint-Cyr, die er mit dem Grad des Leutnants abschloss. Daraufhin trat er in die franz\u00f6sische Armee ein. Im Ersten Weltkrieg wurde er zum Hauptmann bef\u00f6rdert und geriet nach der Schlacht [&hellip;]<\/p>\n","protected":false},"author":1,"featured_media":0,"parent":0,"menu_order":0,"comment_status":"closed","ping_status":"closed","template":"","meta":{"_monsterinsights_skip_tracking":false,"_monsterinsights_sitenote_active":false,"_monsterinsights_sitenote_note":"","_monsterinsights_sitenote_category":0,"footnotes":""},"class_list":["post-895","page","type-page","status-publish","hentry"],"_links":{"self":[{"href":"https:\/\/www.einjahrzitate.de\/index.php?rest_route=\/wp\/v2\/pages\/895","targetHints":{"allow":["GET"]}}],"collection":[{"href":"https:\/\/www.einjahrzitate.de\/index.php?rest_route=\/wp\/v2\/pages"}],"about":[{"href":"https:\/\/www.einjahrzitate.de\/index.php?rest_route=\/wp\/v2\/types\/page"}],"author":[{"embeddable":true,"href":"https:\/\/www.einjahrzitate.de\/index.php?rest_route=\/wp\/v2\/users\/1"}],"replies":[{"embeddable":true,"href":"https:\/\/www.einjahrzitate.de\/index.php?rest_route=%2Fwp%2Fv2%2Fcomments&post=895"}],"version-history":[{"count":0,"href":"https:\/\/www.einjahrzitate.de\/index.php?rest_route=\/wp\/v2\/pages\/895\/revisions"}],"wp:attachment":[{"href":"https:\/\/www.einjahrzitate.de\/index.php?rest_route=%2Fwp%2Fv2%2Fmedia&parent=895"}],"curies":[{"name":"wp","href":"https:\/\/api.w.org\/{rel}","templated":true}]}}