{"id":411,"date":"2014-05-10T14:48:20","date_gmt":"2014-05-10T13:48:20","guid":{"rendered":"http:\/\/www.einjahrzitate.de\/?page_id=411"},"modified":"2015-06-09T16:34:47","modified_gmt":"2015-06-09T15:34:47","slug":"simone-de-beauvoir","status":"publish","type":"page","link":"https:\/\/www.einjahrzitate.de\/?page_id=411","title":{"rendered":"Simone de Beauvoir"},"content":{"rendered":"<h3><span style=\"color: #3366ff;\">Simone de Beauvoir<\/span> wurde am 9. Januar 1908 in Paris geboren. Nach der Agr\u00e9gation, der Pr\u00fcfung, um als Gymnasiallehrerin arbeiten zu k\u00f6nnen, unterrichtete sie bis 1941 an verschiedenen Gymnasien in Marseille, Rouen und Paris. 1942 gab sie ihren Lehrberuf auf und war als freie Schriftstellerin t\u00e4tig. W\u00e4hrend des Kriegs erschien 1943 ihr erster Roman <i>L&rsquo;invit\u00e9e<\/i>. Sie schloss sich in dieser Zeit der Widerstandsgruppe <i>Socialisme et Libert\u00e9<\/i> an, der auch Jean-Paul Sartre angeh\u00f6rte. 1945 wurde ihr Roman <i>Le sang des autres<\/i> ver\u00f6ffentlicht, der die Zeit der Besatzung und den Widerstand behandelt. Nach dem Krieg schrieb sie f\u00fcr die von Sartre gegr\u00fcndete Zeitschrift <i>Les Temps Modernes<\/i>. 1949 wurde sie mit der Ver\u00f6ffentlichung ihres Buchs <i>Le deuxi\u00e8me sexe<\/i> ber\u00fchmt. Dieses Buch wurde zu einem Standardwerk des Feminismus. Simone de Beauvoir unternahm zahlreiche Reisen in die USA, nach Skandinavien, in die UdSSR, nach China, in den nahen Osten und nach Mittel- und S\u00fcdamerika. F\u00fcr ihren Roman <i>Les Mandarins<\/i> erhielt sie den Prix Concourt. Zwischen 1958 und 1972 erschienen ihre vier autobiographischen B\u00fccher: <i>M\u00e9moires d&rsquo;une jeune fille rang\u00e9e<\/i>, <i>La Force de l&rsquo;\u00e2ge<\/i>, <i>La Force des choses<\/i> und <i>Tout compte fait<\/i>. 1978 wurde sie mit dem \u00d6sterreichischen Staatspreis f\u00fcr Europ\u00e4ische Literatur ausgezeichnet. Simone de Beauvoir starb am 14. April 1986. Ihr Grab befindet sich auf dem Pariser Friedhof Montparnasse.<\/h3>\n<div class='watch-action'><div class='watch-position align-right'><div class='action-like'><a class='lbg-style1 like-411 jlk' href='javascript:void(0)' data-task='like' data-post_id='411' data-nonce='166a765446' rel='nofollow'><img class='wti-pixel' src='https:\/\/www.einjahrzitate.de\/wp-content\/plugins\/wti-like-post\/images\/pixel.gif' title='Interessant' \/><span class='lc-411 lc'>0<\/span><\/a><\/div><\/div> <div class='status-411 status align-right'><\/div><\/div><div class='wti-clear'><\/div>","protected":false},"excerpt":{"rendered":"<p>Simone de Beauvoir wurde am 9. Januar 1908 in Paris geboren. Nach der Agr\u00e9gation, der Pr\u00fcfung, um als Gymnasiallehrerin arbeiten zu k\u00f6nnen, unterrichtete sie bis 1941 an verschiedenen Gymnasien in Marseille, Rouen und Paris. 1942 gab sie ihren Lehrberuf auf und war als freie Schriftstellerin t\u00e4tig. W\u00e4hrend des Kriegs erschien 1943 ihr erster Roman L&rsquo;invit\u00e9e. [&hellip;]<\/p>\n","protected":false},"author":1,"featured_media":0,"parent":0,"menu_order":0,"comment_status":"closed","ping_status":"closed","template":"","meta":{"_monsterinsights_skip_tracking":false,"_monsterinsights_sitenote_active":false,"_monsterinsights_sitenote_note":"","_monsterinsights_sitenote_category":0,"footnotes":""},"class_list":["post-411","page","type-page","status-publish","hentry"],"_links":{"self":[{"href":"https:\/\/www.einjahrzitate.de\/index.php?rest_route=\/wp\/v2\/pages\/411","targetHints":{"allow":["GET"]}}],"collection":[{"href":"https:\/\/www.einjahrzitate.de\/index.php?rest_route=\/wp\/v2\/pages"}],"about":[{"href":"https:\/\/www.einjahrzitate.de\/index.php?rest_route=\/wp\/v2\/types\/page"}],"author":[{"embeddable":true,"href":"https:\/\/www.einjahrzitate.de\/index.php?rest_route=\/wp\/v2\/users\/1"}],"replies":[{"embeddable":true,"href":"https:\/\/www.einjahrzitate.de\/index.php?rest_route=%2Fwp%2Fv2%2Fcomments&post=411"}],"version-history":[{"count":0,"href":"https:\/\/www.einjahrzitate.de\/index.php?rest_route=\/wp\/v2\/pages\/411\/revisions"}],"wp:attachment":[{"href":"https:\/\/www.einjahrzitate.de\/index.php?rest_route=%2Fwp%2Fv2%2Fmedia&parent=411"}],"curies":[{"name":"wp","href":"https:\/\/api.w.org\/{rel}","templated":true}]}}