{"id":378,"date":"2014-04-10T19:17:14","date_gmt":"2014-04-10T18:17:14","guid":{"rendered":"http:\/\/www.einjahrzitate.de\/?page_id=378"},"modified":"2015-06-09T16:33:58","modified_gmt":"2015-06-09T15:33:58","slug":"ingeborg-bachmann","status":"publish","type":"page","link":"https:\/\/www.einjahrzitate.de\/?page_id=378","title":{"rendered":"Ingeborg Bachmann"},"content":{"rendered":"<h3><span style=\"color: #3366ff;\">Ingeborg Bachmann<\/span>\u00a0wurde am 25. Juni 1926 in Klagenfurt geboren. Sie besuchte ab 1932 die Volksschule und wechselte nach vier Jahren auf das Bundesrealgymnasium. Nach dem Einmarsch von Hitlers Truppen in \u00d6sterreich und dem sogenannten \u201eAnschluss\u201d ging Ingeborg Bachmann auf das Ursulinen-Gymnasium f\u00fcr M\u00e4dchen in Klagenfurt. Sie studierte ab 1945 in Innsbruck, Graz und Wien Philosophie, Germanistik, Psychologie und Rechtswissenschaften. 1950 promovierte sie mit einer Arbeit \u00fcber <i>Die kritische Aufnahme der Existentialphilosophie Martin Heideggers<\/i>. Danach arbeitete sie bis 1953 als Redakteurin bei dem Radiosender <i>Rot-Wei\u00df-Rot<\/i> in Wien. W\u00e4hrend dieser Zeit wurde sie von Hans Werner Richter zu einer Lesung bei der Gruppe 47 eingeladen und erhielt 1953 f\u00fcr ihren Gedichtband <i>Die gestundete Zeit<\/i> den Literaturpreis der Gruppe 47. Zwei Jahre sp\u00e4ter erschien ihr H\u00f6rspiel <em>Die Zikaden<\/em> und ein Jahr sp\u00e4ter ihr Gedichtband <i>Anrufung des gro\u00dfen B\u00e4ren<\/i>, f\u00fcr den sie mit dem Bremer Literaturpreis ausgezeichnet wurde. Von 1957 bis 1958 arbeitete Ingeborg Bachmann als Dramaturgin beim Bayerischen Fernsehen in M\u00fcnchen. F\u00fcr ihr H\u00f6rspiel <i>Der gute Gott von Manhattan<\/i> erhielt sie 1959 den H\u00f6rspielpreis der Kriegsblinden. Zu der Zeit war sie f\u00fcr ein Semester Gastdozentin f\u00fcr Poetik an der Universit\u00e4t in Frankfurt am Main. 1961 wurden ihre Erz\u00e4hlungen ver\u00f6ffentlicht, f\u00fcr die sie den Deutschen Kritikerpreis erhielt. 1964 wurde sie mit dem Georg B\u00fcchner Preis und 1968 mit dem Gro\u00dfen \u00d6sterreichischen Staatspreis f\u00fcr Literatur ausgezeichnet. 1971 wurde der erste Band <i>Malina<\/i> ihrer unvollendet gebliebenen Romantriologie ver\u00f6ffentlicht und ein Jahr darauf erschien ihr Erz\u00e4hlband <i>Simultan<\/i>. Ingeborg Bachmann erlitt in der Nacht vom 25. auf den 26. September 1973 in ihrer Wohnung in Rom schwere Verletzungen bei einem Brand, den sie durch eine brennende Zigarette ausgel\u00f6st hatte. Sie starb am 17. Oktober 1973 im r\u00f6mischen Krankenhaus Sant&rsquo;Eugenio. Ihr Grab befindet sich in Klagenfurt-Annabichl.<\/h3>\n<p>&nbsp;<\/p>\n<div class='watch-action'><div class='watch-position align-right'><div class='action-like'><a class='lbg-style1 like-378 jlk' href='javascript:void(0)' data-task='like' data-post_id='378' data-nonce='166a765446' rel='nofollow'><img class='wti-pixel' src='https:\/\/www.einjahrzitate.de\/wp-content\/plugins\/wti-like-post\/images\/pixel.gif' title='Interessant' \/><span class='lc-378 lc'>0<\/span><\/a><\/div><\/div> <div class='status-378 status align-right'><\/div><\/div><div class='wti-clear'><\/div>","protected":false},"excerpt":{"rendered":"<p>Ingeborg Bachmann\u00a0wurde am 25. Juni 1926 in Klagenfurt geboren. Sie besuchte ab 1932 die Volksschule und wechselte nach vier Jahren auf das Bundesrealgymnasium. Nach dem Einmarsch von Hitlers Truppen in \u00d6sterreich und dem sogenannten \u201eAnschluss\u201d ging Ingeborg Bachmann auf das Ursulinen-Gymnasium f\u00fcr M\u00e4dchen in Klagenfurt. Sie studierte ab 1945 in Innsbruck, Graz und Wien Philosophie, [&hellip;]<\/p>\n","protected":false},"author":1,"featured_media":0,"parent":0,"menu_order":0,"comment_status":"closed","ping_status":"closed","template":"","meta":{"_monsterinsights_skip_tracking":false,"_monsterinsights_sitenote_active":false,"_monsterinsights_sitenote_note":"","_monsterinsights_sitenote_category":0,"footnotes":""},"class_list":["post-378","page","type-page","status-publish","hentry"],"_links":{"self":[{"href":"https:\/\/www.einjahrzitate.de\/index.php?rest_route=\/wp\/v2\/pages\/378","targetHints":{"allow":["GET"]}}],"collection":[{"href":"https:\/\/www.einjahrzitate.de\/index.php?rest_route=\/wp\/v2\/pages"}],"about":[{"href":"https:\/\/www.einjahrzitate.de\/index.php?rest_route=\/wp\/v2\/types\/page"}],"author":[{"embeddable":true,"href":"https:\/\/www.einjahrzitate.de\/index.php?rest_route=\/wp\/v2\/users\/1"}],"replies":[{"embeddable":true,"href":"https:\/\/www.einjahrzitate.de\/index.php?rest_route=%2Fwp%2Fv2%2Fcomments&post=378"}],"version-history":[{"count":0,"href":"https:\/\/www.einjahrzitate.de\/index.php?rest_route=\/wp\/v2\/pages\/378\/revisions"}],"wp:attachment":[{"href":"https:\/\/www.einjahrzitate.de\/index.php?rest_route=%2Fwp%2Fv2%2Fmedia&parent=378"}],"curies":[{"name":"wp","href":"https:\/\/api.w.org\/{rel}","templated":true}]}}