{"id":3298,"date":"2026-05-10T17:12:06","date_gmt":"2026-05-10T16:12:06","guid":{"rendered":"https:\/\/www.einjahrzitate.de\/?page_id=3298"},"modified":"2026-05-10T17:12:06","modified_gmt":"2026-05-10T16:12:06","slug":"martin-luther-king","status":"publish","type":"page","link":"https:\/\/www.einjahrzitate.de\/?page_id=3298","title":{"rendered":"Martin Luther King"},"content":{"rendered":"<h3><span style=\"color: #3366ff;\">Martin Luther King<\/span> wurde am 15. Januar 1929 in Atlanta im US-Bundesstaat Georgia geboren. Die Vornamen Martin Luther erhielt er, weil sein Vater, ein Baptistenpastor, diesen Kirchenreformator verehrte. Die Rassentrennung in den S\u00fcdstaaten machte King schon als Kind das Leben schwer und so wurde ihm bewusst, dass Gerechtigkeit kein leeres Wort bleiben durfte. Martin Luther King fiel das Lernen leicht und er \u00fcbersprang zwei Schuljahre an der High School, in die er mit dreizehn Jahren kam. Nach der Schulzeit studierte er Soziologie und anschlie\u00dfend Theologie und erhielt im Jahr 1955 den Doktortitel in Theologie an der Universit\u00e4t in Boston. Schon w\u00e4hrend seiner Studentenzeit hatte sich Martin Luther King f\u00fcr die soziale und politische Gleichberechtigung der afroamerikanischen Bev\u00f6lkerung eingesetzt und er f\u00fchrte diesen Einsatz auch neben seiner T\u00e4tigkeit als Pfarrer weiter. So wurde er unter anderem im Dezember 1955 Koordinator des Boykotts der \u00f6ffentlichen Busse in Montgomery, nachdem die B\u00fcrgerrechtlerin Rosa Parks verhaftet worden war, weil sie sich geweigert hatte, ihren Sitzplatz einem Wei\u00dfen zu \u00fcberlassen. Der Boykott war erfolgreich, ein Jahr sp\u00e4ter erkl\u00e4rte der Oberste Gerichtshof der Vereinigten Staaten die Rassentrennung in den \u00f6ffentlichen Verkehrsmitteln der Stadt Montgomery f\u00fcr verfassungswidrig. Der gewaltlose Widerstand hatte einen Sieg davongetragen und die B\u00fcrgerrechtsbewegung gewann mehr und mehr Anh\u00e4nger. Das von Joan Baez gesungene Protestlied <i>We Shall Overcome<\/i>, dem ein Gospel zugrunde liegt, machte die Bewegung auch international bekannt, was allerdings nicht dazu verhalf, dass Martin Luther King weiterhin von Zeit zu Zeit verhaftet wurde und in einer Gef\u00e4ngniszelle ausharren musste. Am 28. August 1963 fand der Marsch auf Washington f\u00fcr Arbeit und Freiheit statt, an dem etwa 250.000 Menschen teilnahmen, um gegen Diskriminierung aufgrund der Hautfarbe, der Religion, des Geschlechtes oder der nationalen Herkunft zu demonstrieren. Martin Luther King hielt hierbei vor dem Lincoln Memorial seine Rede <i>I Have a Dream<\/i>. Am 11. Dezember 1964 wurde Martin Luther King in Oslo mit dem Friedensnobelpreis ausgezeichnet. Ende M\u00e4rz 1968 kam King nach Memphis, im Bundesstaat Tennessee, um sich dort f\u00fcr eine gerechte Bezahlung der afroamerikanischen Arbeiter einzusetzen. Am 4. April 1968 wurde Martin Luther King in dieser Stadt auf dem Balkon des Lorraine Motels durch Gewehrsch\u00fcsse ermordet.<\/h3>\n<div class='watch-action'><div class='watch-position align-right'><div class='action-like'><a class='lbg-style1 like-3298 jlk' href='javascript:void(0)' data-task='like' data-post_id='3298' data-nonce='ca08180575' rel='nofollow'><img class='wti-pixel' src='https:\/\/www.einjahrzitate.de\/wp-content\/plugins\/wti-like-post\/images\/pixel.gif' title='Interessant' \/><span class='lc-3298 lc'>0<\/span><\/a><\/div><\/div> <div class='status-3298 status align-right'><\/div><\/div><div class='wti-clear'><\/div>","protected":false},"excerpt":{"rendered":"<p>Martin Luther King wurde am 15. Januar 1929 in Atlanta im US-Bundesstaat Georgia geboren. Die Vornamen Martin Luther erhielt er, weil sein Vater, ein Baptistenpastor, diesen Kirchenreformator verehrte. Die Rassentrennung in den S\u00fcdstaaten machte King schon als Kind das Leben schwer und so wurde ihm bewusst, dass Gerechtigkeit kein leeres Wort bleiben durfte. Martin Luther [&hellip;]<\/p>\n","protected":false},"author":1,"featured_media":0,"parent":0,"menu_order":0,"comment_status":"closed","ping_status":"closed","template":"","meta":{"_monsterinsights_skip_tracking":false,"_monsterinsights_sitenote_active":false,"_monsterinsights_sitenote_note":"","_monsterinsights_sitenote_category":0,"footnotes":""},"class_list":["post-3298","page","type-page","status-publish","hentry"],"_links":{"self":[{"href":"https:\/\/www.einjahrzitate.de\/index.php?rest_route=\/wp\/v2\/pages\/3298","targetHints":{"allow":["GET"]}}],"collection":[{"href":"https:\/\/www.einjahrzitate.de\/index.php?rest_route=\/wp\/v2\/pages"}],"about":[{"href":"https:\/\/www.einjahrzitate.de\/index.php?rest_route=\/wp\/v2\/types\/page"}],"author":[{"embeddable":true,"href":"https:\/\/www.einjahrzitate.de\/index.php?rest_route=\/wp\/v2\/users\/1"}],"replies":[{"embeddable":true,"href":"https:\/\/www.einjahrzitate.de\/index.php?rest_route=%2Fwp%2Fv2%2Fcomments&post=3298"}],"version-history":[{"count":1,"href":"https:\/\/www.einjahrzitate.de\/index.php?rest_route=\/wp\/v2\/pages\/3298\/revisions"}],"predecessor-version":[{"id":3300,"href":"https:\/\/www.einjahrzitate.de\/index.php?rest_route=\/wp\/v2\/pages\/3298\/revisions\/3300"}],"wp:attachment":[{"href":"https:\/\/www.einjahrzitate.de\/index.php?rest_route=%2Fwp%2Fv2%2Fmedia&parent=3298"}],"curies":[{"name":"wp","href":"https:\/\/api.w.org\/{rel}","templated":true}]}}