{"id":328,"date":"2014-03-07T13:07:33","date_gmt":"2014-03-07T12:07:33","guid":{"rendered":"http:\/\/www.einjahrzitate.de\/?page_id=328"},"modified":"2015-06-09T16:34:51","modified_gmt":"2015-06-09T15:34:51","slug":"tennessee-williams","status":"publish","type":"page","link":"https:\/\/www.einjahrzitate.de\/?page_id=328","title":{"rendered":"Tennessee Williams"},"content":{"rendered":"<p>Tennessee Williams wurde am 26. M\u00e4rz 1911 in Columbus, im US-Bundesstaat Mississippi geboren. 1918 zog die Familie nach St Louis, wo er in die University City High School ging. 1929 studierte er an der Universit\u00e4t von Missouri in der Stadt Columbia. Er musste sein Studium abbrechen, weil seinem Vater das Geld daf\u00fcr fehlte, und so arbeitete Tennessee Williams von 1931 bis 1934 bei der International Shoe Company, in der sein Vater den Posten des Verkaufsleiters inne hatte. 1937 ging Tennessie Williams nach New Orleans und dann nach New York. Er schrieb fortw\u00e4hrend, vor allem Theaterst\u00fccke, und er musste verschiedene Gelegenheitsarbeiten annehmen, um seinen Lebensunterhalt zu verdienen. Sein Drama <i>Die Glasmenagerie<\/i>, das am 26. Dezember 1944 in Chicago seine Premiere hatte, machte ihn ber\u00fchmt. Drei Jahre sp\u00e4ter wurde sein Theaterst\u00fcck <i>Endstation Sehnsucht<\/i> in New York ein Riesenerfolg. Elia Kazan hatte es inszeniert, und Marlon Brando spielte die Rolle des Stanley Kowalski auf der B\u00fchne und auch in dem Film. F\u00fcr <i>Endstation Sehnsucht<\/i> und <i>Die Katze auf dem hei\u00dfen Blechdach<\/i> wurde Tennessee Williams mit dem Pulitzer-Preis ausgezeichnet, und f\u00fcr sein Schauspiel <i>Die t\u00e4towierte Rose<\/i> erhielt er den Tony Award. Viele seiner B\u00fchnenst\u00fccke wurden verfilmt. Tennessee Williams starb am 25.2.1983 in einem Hotel in New York. Sein Grab befindet sich auf dem Bellefontaine Cemetery in St Louis.<\/p>\n<div class='watch-action'><div class='watch-position align-right'><div class='action-like'><a class='lbg-style1 like-328 jlk' href='javascript:void(0)' data-task='like' data-post_id='328' data-nonce='166a765446' rel='nofollow'><img class='wti-pixel' src='https:\/\/www.einjahrzitate.de\/wp-content\/plugins\/wti-like-post\/images\/pixel.gif' title='Interessant' \/><span class='lc-328 lc'>0<\/span><\/a><\/div><\/div> <div class='status-328 status align-right'><\/div><\/div><div class='wti-clear'><\/div>","protected":false},"excerpt":{"rendered":"<p>Tennessee Williams wurde am 26. M\u00e4rz 1911 in Columbus, im US-Bundesstaat Mississippi geboren. 1918 zog die Familie nach St Louis, wo er in die University City High School ging. 1929 studierte er an der Universit\u00e4t von Missouri in der Stadt Columbia. Er musste sein Studium abbrechen, weil seinem Vater das Geld daf\u00fcr fehlte, und so [&hellip;]<\/p>\n","protected":false},"author":1,"featured_media":0,"parent":0,"menu_order":0,"comment_status":"closed","ping_status":"closed","template":"","meta":{"_monsterinsights_skip_tracking":false,"_monsterinsights_sitenote_active":false,"_monsterinsights_sitenote_note":"","_monsterinsights_sitenote_category":0,"footnotes":""},"class_list":["post-328","page","type-page","status-publish","hentry"],"_links":{"self":[{"href":"https:\/\/www.einjahrzitate.de\/index.php?rest_route=\/wp\/v2\/pages\/328","targetHints":{"allow":["GET"]}}],"collection":[{"href":"https:\/\/www.einjahrzitate.de\/index.php?rest_route=\/wp\/v2\/pages"}],"about":[{"href":"https:\/\/www.einjahrzitate.de\/index.php?rest_route=\/wp\/v2\/types\/page"}],"author":[{"embeddable":true,"href":"https:\/\/www.einjahrzitate.de\/index.php?rest_route=\/wp\/v2\/users\/1"}],"replies":[{"embeddable":true,"href":"https:\/\/www.einjahrzitate.de\/index.php?rest_route=%2Fwp%2Fv2%2Fcomments&post=328"}],"version-history":[{"count":0,"href":"https:\/\/www.einjahrzitate.de\/index.php?rest_route=\/wp\/v2\/pages\/328\/revisions"}],"wp:attachment":[{"href":"https:\/\/www.einjahrzitate.de\/index.php?rest_route=%2Fwp%2Fv2%2Fmedia&parent=328"}],"curies":[{"name":"wp","href":"https:\/\/api.w.org\/{rel}","templated":true}]}}