{"id":3239,"date":"2025-10-31T11:39:43","date_gmt":"2025-10-31T10:39:43","guid":{"rendered":"https:\/\/www.einjahrzitate.de\/?page_id=3239"},"modified":"2025-10-31T11:39:43","modified_gmt":"2025-10-31T10:39:43","slug":"paul-cezanne","status":"publish","type":"page","link":"https:\/\/www.einjahrzitate.de\/?page_id=3239","title":{"rendered":"Paul C\u00e9zanne"},"content":{"rendered":"<h3><span style=\"color: #3366ff;\">Paul C\u00e9zanne<\/span> wurde am 19. Januar 1839 in Aix-en Provence geboren. W\u00e4hrend seiner Schulzeit am Coll\u00e8ge befreundete er sich mit \u00c9mile Zola. Nach seinem bestandenen Abitur begann er auf Wunsch seines Vaters im Jahr 1858 ein Jurastudium, das er nicht ernst nahm, denn in seiner Freizeit malte und zeichnete er. 1861 folgte er dem Rat Zolas, der drei Jahre zuvor mit seiner Mutter nach Paris gezogen war, auch in diese Stadt zu kommen. C\u00e9zanne bewarb sich um ein Studium an der \u00c9cole des Beaux-Arts, doch wurde er abgelehnt. Daraufhin arbeitete er an der Acad\u00e9mie Suisse, ging aber kurz darauf zur\u00fcck nach Aix. Im Jahr darauf kam Paul C\u00e9zanne wieder nach Paris. Er befreundete sich mit dem Maler Camille Pissarro, der ihn zum Malen mit helleren Farben anregte. Im Jahr 1870 lernte er Hortense Fiquet kennen und die beiden bekamen einen Sohn, den sie Paul nannten. C\u00e9zanne hing sehr an seinem Sohn und heiratete Hortense im Jahr 1886. Da Paul C\u00e9zannes Werke von dem Pariser Salon abgelehnt wurden, stellte er sie auf dem Salon des Refus\u00e9s aus. Nach dem Erscheinen von Zolas Roman <i>Das Werk<\/i> im Jahr 1886 brach C\u00e9zanne die Freundschaft mit ihm ab, weil er sich in dem unf\u00e4higen und Selbstmord begehenden Maler Claude Lantier wiedererkannte. Nach dem Tod seines Vaters im selben Jahr war Paul C\u00e9zanne finanziell unabh\u00e4ngig und kehrte nach Aix zur\u00fcck, wo er sich ausschlie\u00dflich seiner Malerei widmete. Im Jahr 1895 organisierte der Kunsth\u00e4ndler Ambroise Vollard eine Ausstellung mit C\u00e9zannes Werken, die bei impressionistischen Malern wie Claude Monet gro\u00dfe Anerkennung fanden. So gewann C\u00e9zanne mehr und mehr Aufmerksamkeit in der Kunstwelt, konnte einige seiner Gem\u00e4lde ausstellen und auch verkaufen. Die letzten Jahre lebte Paul C\u00e9zanne sehr zur\u00fcckgezogen. Er starb am 22. Oktober 1906 in Aix-en-Provence.<\/h3>\n<div class='watch-action'><div class='watch-position align-right'><div class='action-like'><a class='lbg-style1 like-3239 jlk' href='javascript:void(0)' data-task='like' data-post_id='3239' data-nonce='166a765446' rel='nofollow'><img class='wti-pixel' src='https:\/\/www.einjahrzitate.de\/wp-content\/plugins\/wti-like-post\/images\/pixel.gif' title='Interessant' \/><span class='lc-3239 lc'>0<\/span><\/a><\/div><\/div> <div class='status-3239 status align-right'><\/div><\/div><div class='wti-clear'><\/div>","protected":false},"excerpt":{"rendered":"<p>Paul C\u00e9zanne wurde am 19. Januar 1839 in Aix-en Provence geboren. W\u00e4hrend seiner Schulzeit am Coll\u00e8ge befreundete er sich mit \u00c9mile Zola. Nach seinem bestandenen Abitur begann er auf Wunsch seines Vaters im Jahr 1858 ein Jurastudium, das er nicht ernst nahm, denn in seiner Freizeit malte und zeichnete er. 1861 folgte er dem Rat [&hellip;]<\/p>\n","protected":false},"author":1,"featured_media":0,"parent":0,"menu_order":0,"comment_status":"closed","ping_status":"closed","template":"","meta":{"_monsterinsights_skip_tracking":false,"_monsterinsights_sitenote_active":false,"_monsterinsights_sitenote_note":"","_monsterinsights_sitenote_category":0,"footnotes":""},"class_list":["post-3239","page","type-page","status-publish","hentry"],"_links":{"self":[{"href":"https:\/\/www.einjahrzitate.de\/index.php?rest_route=\/wp\/v2\/pages\/3239","targetHints":{"allow":["GET"]}}],"collection":[{"href":"https:\/\/www.einjahrzitate.de\/index.php?rest_route=\/wp\/v2\/pages"}],"about":[{"href":"https:\/\/www.einjahrzitate.de\/index.php?rest_route=\/wp\/v2\/types\/page"}],"author":[{"embeddable":true,"href":"https:\/\/www.einjahrzitate.de\/index.php?rest_route=\/wp\/v2\/users\/1"}],"replies":[{"embeddable":true,"href":"https:\/\/www.einjahrzitate.de\/index.php?rest_route=%2Fwp%2Fv2%2Fcomments&post=3239"}],"version-history":[{"count":1,"href":"https:\/\/www.einjahrzitate.de\/index.php?rest_route=\/wp\/v2\/pages\/3239\/revisions"}],"predecessor-version":[{"id":3241,"href":"https:\/\/www.einjahrzitate.de\/index.php?rest_route=\/wp\/v2\/pages\/3239\/revisions\/3241"}],"wp:attachment":[{"href":"https:\/\/www.einjahrzitate.de\/index.php?rest_route=%2Fwp%2Fv2%2Fmedia&parent=3239"}],"curies":[{"name":"wp","href":"https:\/\/api.w.org\/{rel}","templated":true}]}}