{"id":3230,"date":"2025-10-18T11:09:02","date_gmt":"2025-10-18T10:09:02","guid":{"rendered":"https:\/\/www.einjahrzitate.de\/?page_id=3230"},"modified":"2025-10-18T11:09:02","modified_gmt":"2025-10-18T10:09:02","slug":"claude-monet","status":"publish","type":"page","link":"https:\/\/www.einjahrzitate.de\/?page_id=3230","title":{"rendered":"Claude Monet"},"content":{"rendered":"<h3><span style=\"color: #3366ff;\">Claude Monet<\/span> wurde am 14. November 1840 in Paris geboren. F\u00fcnf Jahre sp\u00e4ter zog seine Familie nach Le Havre um. Schon als Sch\u00fcler zeichnete er Karikaturen und hegte den Wunsch Maler zu werden. Aber er kam dem Wunsch seiner Eltern, in Paris an der \u00c9cole des Beaux Arts zu studieren, nicht nach, sondern schrieb sich an der freien Acad\u00e9mie Suisse ein. Von1862 bis 1863 arbeitete er in dem Atelier Charles Gleyres, wo er Auguste Renoir, Fr\u00e9d\u00e9ric Bazille und Alfred Sisley kennenlernte. Schon zu der Zeit liebte Monet es, im Freien zu malen,  seine damaligen Bilder zeigen insbesonders die K\u00fcste der Normandie und den Wald von Fontainebleau. Mehrere seiner Bilder wurden vom Pariser Salon ausgestellt, doch fanden sie keine K\u00e4ufer und so ging es Claude Monet, dessen Lebensgef\u00e4hrtin Camille Doncieux am 8. August 1867 seinen Sohn Jean zur Welt gebracht hatte, materiell sehr schlecht. Die Maler Fr\u00e9d\u00e9ric Bazille und Auguste Renoir halfen ihm in dieser schwierigen Lage. 1871 lernte Claude Monet in London den Kunsth\u00e4ndler Paul Durand-Ruel kennen, der mehrere Bilder von ihm kaufte und sein F\u00f6rderer wurde. Am 15. April 1875 machten Claude Monet und seine Freunde eine vom Salon unabh\u00e4ngige Ausstellung. Sein dort gezeigtes Bild Impression-Soleil levant gab der neuen Kunstrichtung ihren Namen. Beim Publikum fanden die ausgestellten Bilder keinen Anklang, sondern luden zur Heiterkeit ein, und in der Presse wurden die K\u00fcnstler und ihre Werke verh\u00f6hnt. 1876 machte Claude Monet mit dem Kaufhausbesitzer und Kunstsammler Ernest Hosched\u00e9 und dessen Frau Alice Bekanntschaft. Ein paar Jahre sp\u00e4ter musste Hosched\u00e9 Bankrott anmelden. 1878 wurde Monets zweiter Sohn Michel geboren. Seine Ehefrau Camille starb ein Jahr sp\u00e4ter, woraufhin Claude Monet das Bild Camille Monet auf dem Totenbett malte. Zu der Zeit spielten bei seiner Malerei die Lichtverh\u00e4ltnisse eine immer st\u00e4rkere Rolle. Ab dem Jahr 1882 fanden seine Bilder etwas Anerkennung und auch K\u00e4ufer. So konnte er 1883 in dem etwa 50 km von Paris entfernten Giverny ein Haus mieten, in das er mit seinen beiden S\u00f6hnen sowie Alice Hosched\u00e9 und ihren sechs Kindern einzog. 1890 konnte Monet das Anwesen dank seiner Malerei kaufen. Zwar machte er in den ersten zehn Jahren des zwanzigsten Jahrhunderts eine Reise nach Madrid und auch eine nach Venedig, um dortige Museen zu besuchen. Aber vor allem widmete er sich seinem gro\u00dfen Garten in Giverny, der ihm gen\u00fcgend Motive zum Malen bot. Auch legte er einen Seerosenteich an und malte daraufhin eine Serie von Seerosenbildern. Claude Monet starb am 5. Dezember 1926 in Giverny.<\/h3>\n<div class='watch-action'><div class='watch-position align-right'><div class='action-like'><a class='lbg-style1 like-3230 jlk' href='javascript:void(0)' data-task='like' data-post_id='3230' data-nonce='166a765446' rel='nofollow'><img class='wti-pixel' src='https:\/\/www.einjahrzitate.de\/wp-content\/plugins\/wti-like-post\/images\/pixel.gif' title='Interessant' \/><span class='lc-3230 lc'>0<\/span><\/a><\/div><\/div> <div class='status-3230 status align-right'><\/div><\/div><div class='wti-clear'><\/div>","protected":false},"excerpt":{"rendered":"<p>Claude Monet wurde am 14. November 1840 in Paris geboren. F\u00fcnf Jahre sp\u00e4ter zog seine Familie nach Le Havre um. Schon als Sch\u00fcler zeichnete er Karikaturen und hegte den Wunsch Maler zu werden. Aber er kam dem Wunsch seiner Eltern, in Paris an der \u00c9cole des Beaux Arts zu studieren, nicht nach, sondern schrieb sich [&hellip;]<\/p>\n","protected":false},"author":1,"featured_media":0,"parent":0,"menu_order":0,"comment_status":"closed","ping_status":"closed","template":"","meta":{"_monsterinsights_skip_tracking":false,"_monsterinsights_sitenote_active":false,"_monsterinsights_sitenote_note":"","_monsterinsights_sitenote_category":0,"footnotes":""},"class_list":["post-3230","page","type-page","status-publish","hentry"],"_links":{"self":[{"href":"https:\/\/www.einjahrzitate.de\/index.php?rest_route=\/wp\/v2\/pages\/3230","targetHints":{"allow":["GET"]}}],"collection":[{"href":"https:\/\/www.einjahrzitate.de\/index.php?rest_route=\/wp\/v2\/pages"}],"about":[{"href":"https:\/\/www.einjahrzitate.de\/index.php?rest_route=\/wp\/v2\/types\/page"}],"author":[{"embeddable":true,"href":"https:\/\/www.einjahrzitate.de\/index.php?rest_route=\/wp\/v2\/users\/1"}],"replies":[{"embeddable":true,"href":"https:\/\/www.einjahrzitate.de\/index.php?rest_route=%2Fwp%2Fv2%2Fcomments&post=3230"}],"version-history":[{"count":1,"href":"https:\/\/www.einjahrzitate.de\/index.php?rest_route=\/wp\/v2\/pages\/3230\/revisions"}],"predecessor-version":[{"id":3232,"href":"https:\/\/www.einjahrzitate.de\/index.php?rest_route=\/wp\/v2\/pages\/3230\/revisions\/3232"}],"wp:attachment":[{"href":"https:\/\/www.einjahrzitate.de\/index.php?rest_route=%2Fwp%2Fv2%2Fmedia&parent=3230"}],"curies":[{"name":"wp","href":"https:\/\/api.w.org\/{rel}","templated":true}]}}