{"id":3186,"date":"2025-07-20T11:24:18","date_gmt":"2025-07-20T10:24:18","guid":{"rendered":"https:\/\/www.einjahrzitate.de\/?page_id=3186"},"modified":"2025-07-20T11:24:18","modified_gmt":"2025-07-20T10:24:18","slug":"klaus-mann","status":"publish","type":"page","link":"https:\/\/www.einjahrzitate.de\/?page_id=3186","title":{"rendered":"Klaus Mann"},"content":{"rendered":"<br \/>\n<h3><span style=\"color: #3366ff;\">Klaus Mann<\/span>  kam am 18. November 1906 als zweites Kind von Thomas Mann und seiner Frau Katia, geborene von Pringsheim, in M\u00fcnchen zur Welt. Er verbrachte seine Kindheit mit seinen Geschwistern Erika, Golo und Monika  in einem kulturell gebildeten Elternhaus. Im Jahr 1918 wurde seine Schwester Elisabeth und im Jahr 1919 sein Bruder Michael geboren. Nach dem ersten Weltkrieg begann Klaus Mann eine Schriftstellerlaufbahn. Im Jahr 1926 erschien sein erster Roman <i>Der fromme Tanz<\/i>, der als erster deutscher Roman die Homosexualit\u00e4t zum Thema hat. Bald darauf ging Klaus Mann nach Paris, wo er mit Andr\u00e9 Gide, von dem er sich literarisch beeinflussen lie\u00df, Jean Cocteau und  surrealistischen Kreisen in Kontakt trat. Nachdem die Nazis 1933 an die Macht kamen, verlie\u00df Klaus Mann Deutschland und hielt sich in der Tschechoslowakei auf.  Im Jahr 1935 wurde ihm die deutsche Staatsb\u00fcrgerschaft entzogen und er wurde tschechischer Staatsb\u00fcrger. 1938 trat er die Flucht in die USA an, wo er die amerikanische Staatsb\u00fcrgerschaft erhielt. 1943 trat er in die amerikanische Armee ein. Nach dem Krieg kam Klaus Mann in die Bundesrepublik Deutschland, aber er f\u00fchlte sich dort nicht heimisch. Klaus Mann war drogenabh\u00e4ngig und begann am 21. Mai 1949  in Cannes Selbstmord. Dort befindet sich auch sein Grab.<\/h3>\n<div class='watch-action'><div class='watch-position align-right'><div class='action-like'><a class='lbg-style1 like-3186 jlk' href='javascript:void(0)' data-task='like' data-post_id='3186' data-nonce='56aeb2f20f' rel='nofollow'><img class='wti-pixel' src='https:\/\/www.einjahrzitate.de\/wp-content\/plugins\/wti-like-post\/images\/pixel.gif' title='Interessant' \/><span class='lc-3186 lc'>0<\/span><\/a><\/div><\/div> <div class='status-3186 status align-right'><\/div><\/div><div class='wti-clear'><\/div>","protected":false},"excerpt":{"rendered":"<p>Klaus Mann kam am 18. November 1906 als zweites Kind von Thomas Mann und seiner Frau Katia, geborene von Pringsheim, in M\u00fcnchen zur Welt. Er verbrachte seine Kindheit mit seinen Geschwistern Erika, Golo und Monika in einem kulturell gebildeten Elternhaus. Im Jahr 1918 wurde seine Schwester Elisabeth und im Jahr 1919 sein Bruder Michael geboren. [&hellip;]<\/p>\n","protected":false},"author":1,"featured_media":0,"parent":0,"menu_order":0,"comment_status":"closed","ping_status":"closed","template":"","meta":{"_monsterinsights_skip_tracking":false,"_monsterinsights_sitenote_active":false,"_monsterinsights_sitenote_note":"","_monsterinsights_sitenote_category":0,"footnotes":""},"class_list":["post-3186","page","type-page","status-publish","hentry"],"_links":{"self":[{"href":"https:\/\/www.einjahrzitate.de\/index.php?rest_route=\/wp\/v2\/pages\/3186","targetHints":{"allow":["GET"]}}],"collection":[{"href":"https:\/\/www.einjahrzitate.de\/index.php?rest_route=\/wp\/v2\/pages"}],"about":[{"href":"https:\/\/www.einjahrzitate.de\/index.php?rest_route=\/wp\/v2\/types\/page"}],"author":[{"embeddable":true,"href":"https:\/\/www.einjahrzitate.de\/index.php?rest_route=\/wp\/v2\/users\/1"}],"replies":[{"embeddable":true,"href":"https:\/\/www.einjahrzitate.de\/index.php?rest_route=%2Fwp%2Fv2%2Fcomments&post=3186"}],"version-history":[{"count":1,"href":"https:\/\/www.einjahrzitate.de\/index.php?rest_route=\/wp\/v2\/pages\/3186\/revisions"}],"predecessor-version":[{"id":3188,"href":"https:\/\/www.einjahrzitate.de\/index.php?rest_route=\/wp\/v2\/pages\/3186\/revisions\/3188"}],"wp:attachment":[{"href":"https:\/\/www.einjahrzitate.de\/index.php?rest_route=%2Fwp%2Fv2%2Fmedia&parent=3186"}],"curies":[{"name":"wp","href":"https:\/\/api.w.org\/{rel}","templated":true}]}}