{"id":3096,"date":"2025-01-26T12:06:42","date_gmt":"2025-01-26T11:06:42","guid":{"rendered":"https:\/\/www.einjahrzitate.de\/?page_id=3096"},"modified":"2025-01-26T12:06:42","modified_gmt":"2025-01-26T11:06:42","slug":"saul-bellow","status":"publish","type":"page","link":"https:\/\/www.einjahrzitate.de\/?page_id=3096","title":{"rendered":"Saul Bellow"},"content":{"rendered":"<h3><span style=\"color: #3366ff;\">Saul Bellow<\/span>  wurde am 10. Juni 1915 in Lachine, einem Arrondissement von Montreal geboren. Er ist der Sohn einer j\u00fcdischen aus Sankt Petersburg ausgewanderten Familie. Zehn Jahre nach seiner Geburt zog die Familie nach Chicago. Dort studierte er ab 1934  Anthropologie und Soziologie an der University of Chicago und der Northwestern University. Nach seiner ersten Heirat, er war f\u00fcnfmal verheiratet, brach er seine Doktorarbeit ab und arbeitete als Lehrer und anschlie\u00dfend f\u00fcr die Britannica, eine Enzyklod\u00e4die in englischer Sprache. Gleichzeitig begann er zu schreiben. Nach 1945 unterrichtete Bellow auch an der University of Minnesota, der New York University, Princeton University und der Universit\u00e4t von Puerto Rico. Mit seinem 1953 ver\u00f6ffentlichten Roman <i>The Adventures of Augie March<\/i> fing sein literarischer Erfolg an, der mit seinem 1964 erschienenen Roman <i>Herzog<\/i> seinen H\u00f6hepunkt erreichte. Bellow erhielt mehrere Literaturpreise und  im Jahr 1976 wurde er mit dem Nobelpreis f\u00fcr Literatur ausgezeichnet. Saul Bellow starb am 5. April 2005 in  Brookline, Massachusetts.<\/h3>\n<div class='watch-action'><div class='watch-position align-right'><div class='action-like'><a class='lbg-style1 like-3096 jlk' href='javascript:void(0)' data-task='like' data-post_id='3096' data-nonce='166a765446' rel='nofollow'><img class='wti-pixel' src='https:\/\/www.einjahrzitate.de\/wp-content\/plugins\/wti-like-post\/images\/pixel.gif' title='Interessant' \/><span class='lc-3096 lc'>0<\/span><\/a><\/div><\/div> <div class='status-3096 status align-right'><\/div><\/div><div class='wti-clear'><\/div>","protected":false},"excerpt":{"rendered":"<p>Saul Bellow wurde am 10. Juni 1915 in Lachine, einem Arrondissement von Montreal geboren. Er ist der Sohn einer j\u00fcdischen aus Sankt Petersburg ausgewanderten Familie. Zehn Jahre nach seiner Geburt zog die Familie nach Chicago. Dort studierte er ab 1934 Anthropologie und Soziologie an der University of Chicago und der Northwestern University. Nach seiner ersten [&hellip;]<\/p>\n","protected":false},"author":1,"featured_media":0,"parent":0,"menu_order":0,"comment_status":"closed","ping_status":"closed","template":"","meta":{"_monsterinsights_skip_tracking":false,"_monsterinsights_sitenote_active":false,"_monsterinsights_sitenote_note":"","_monsterinsights_sitenote_category":0,"footnotes":""},"class_list":["post-3096","page","type-page","status-publish","hentry"],"_links":{"self":[{"href":"https:\/\/www.einjahrzitate.de\/index.php?rest_route=\/wp\/v2\/pages\/3096","targetHints":{"allow":["GET"]}}],"collection":[{"href":"https:\/\/www.einjahrzitate.de\/index.php?rest_route=\/wp\/v2\/pages"}],"about":[{"href":"https:\/\/www.einjahrzitate.de\/index.php?rest_route=\/wp\/v2\/types\/page"}],"author":[{"embeddable":true,"href":"https:\/\/www.einjahrzitate.de\/index.php?rest_route=\/wp\/v2\/users\/1"}],"replies":[{"embeddable":true,"href":"https:\/\/www.einjahrzitate.de\/index.php?rest_route=%2Fwp%2Fv2%2Fcomments&post=3096"}],"version-history":[{"count":1,"href":"https:\/\/www.einjahrzitate.de\/index.php?rest_route=\/wp\/v2\/pages\/3096\/revisions"}],"predecessor-version":[{"id":3098,"href":"https:\/\/www.einjahrzitate.de\/index.php?rest_route=\/wp\/v2\/pages\/3096\/revisions\/3098"}],"wp:attachment":[{"href":"https:\/\/www.einjahrzitate.de\/index.php?rest_route=%2Fwp%2Fv2%2Fmedia&parent=3096"}],"curies":[{"name":"wp","href":"https:\/\/api.w.org\/{rel}","templated":true}]}}