{"id":3062,"date":"2024-12-07T12:44:22","date_gmt":"2024-12-07T11:44:22","guid":{"rendered":"https:\/\/www.einjahrzitate.de\/?page_id=3062"},"modified":"2024-12-07T12:44:22","modified_gmt":"2024-12-07T11:44:22","slug":"hildegard-knef","status":"publish","type":"page","link":"https:\/\/www.einjahrzitate.de\/?page_id=3062","title":{"rendered":"Hildegard Knef"},"content":{"rendered":"<h3><span style=\"color: #3366ff;\">Hildegard Knef<\/span>  wurde am 28. Dezember 1925 in Ulm geboren. Nach der mittleren Reife machte sie bei der UFA eine Ausbildung als Zeichnerin und w\u00e4hrend des zweiten Weltkriegs arbeitete sie bei diesem Filmunternehmen als Schauspielerin. In der Nachkriegszeit trat sie in Kabaretts auf und spielte auch in  Filmen wie <i>Die M\u00f6rder sind unter uns<\/i>. Der 1950 in die Kinos kommende Film <i>Die S\u00fcnderin<\/i>, in dem sie die Hauptrolle spielte, stie\u00df bei der katholischen Kirche und auch bei einem gro\u00dfen Teil der deutschen Bev\u00f6lkerung auf Ablehnung. In mehreren St\u00e4dten wurde der Film verboten.  Hildegard Knef ging in die USA, wo sie mit der 20th Century Fox einen Vertrag abschloss. Sie trat gleichzeitig am Broadway auf. 1957 kehrte sie nach Deutschland zur\u00fcck und spielte auch in franz\u00f6sischen und englischen Filmen. 1962 heiratete Hildegard Knef ihren zweiten Ehemann, den Schauspieler David Cameron. In erster Ehe war sie mit dem US-Amerikaner Kurt Hirsch verheiratet. 1968 kam ihre mit David Cameron gemeinsame Tochter Christina auf die Welt. Schon am Broadway war Hildegard Knef als S\u00e4ngerin aufgetreten und 1962 hatte sie in Deutschland mit ihrer Single <i>Er war nie ein Kavalier<\/i> Erfolg. Daraufhin wurden in den folgenden Jahren zahlreiche ihrer Schallplatten erfolgreich verkauft und sie war in verschiedenen Shows zu sehen. 1970 ver\u00f6ffentlichte sie ihre Biographie unter dem Titel <i>Der geschenkte Gaul<\/i>. F\u00fcnf Jahre sp\u00e4ter kam ihr Buch <i>Das Urteil<\/i> heraus, in dem sie \u00fcber ihre Krebserkrankung an der Brust berichtete. Nach ihrer Scheidung im Jahr 1976 heiratete sie im darauffolgenden Jahr den Adligen Paul Rudolf Freiherr von Schell, mit dem sie bis zu ihrem Tod zusammenlebte. Hildegard Knef starb am 1. Februar 2002.<\/h3>\n<div class='watch-action'><div class='watch-position align-right'><div class='action-like'><a class='lbg-style1 like-3062 jlk' href='javascript:void(0)' data-task='like' data-post_id='3062' data-nonce='166a765446' rel='nofollow'><img class='wti-pixel' src='https:\/\/www.einjahrzitate.de\/wp-content\/plugins\/wti-like-post\/images\/pixel.gif' title='Interessant' \/><span class='lc-3062 lc'>0<\/span><\/a><\/div><\/div> <div class='status-3062 status align-right'><\/div><\/div><div class='wti-clear'><\/div>","protected":false},"excerpt":{"rendered":"<p>Hildegard Knef wurde am 28. Dezember 1925 in Ulm geboren. Nach der mittleren Reife machte sie bei der UFA eine Ausbildung als Zeichnerin und w\u00e4hrend des zweiten Weltkriegs arbeitete sie bei diesem Filmunternehmen als Schauspielerin. In der Nachkriegszeit trat sie in Kabaretts auf und spielte auch in Filmen wie Die M\u00f6rder sind unter uns. Der [&hellip;]<\/p>\n","protected":false},"author":1,"featured_media":0,"parent":0,"menu_order":0,"comment_status":"closed","ping_status":"closed","template":"","meta":{"_monsterinsights_skip_tracking":false,"_monsterinsights_sitenote_active":false,"_monsterinsights_sitenote_note":"","_monsterinsights_sitenote_category":0,"footnotes":""},"class_list":["post-3062","page","type-page","status-publish","hentry"],"_links":{"self":[{"href":"https:\/\/www.einjahrzitate.de\/index.php?rest_route=\/wp\/v2\/pages\/3062","targetHints":{"allow":["GET"]}}],"collection":[{"href":"https:\/\/www.einjahrzitate.de\/index.php?rest_route=\/wp\/v2\/pages"}],"about":[{"href":"https:\/\/www.einjahrzitate.de\/index.php?rest_route=\/wp\/v2\/types\/page"}],"author":[{"embeddable":true,"href":"https:\/\/www.einjahrzitate.de\/index.php?rest_route=\/wp\/v2\/users\/1"}],"replies":[{"embeddable":true,"href":"https:\/\/www.einjahrzitate.de\/index.php?rest_route=%2Fwp%2Fv2%2Fcomments&post=3062"}],"version-history":[{"count":1,"href":"https:\/\/www.einjahrzitate.de\/index.php?rest_route=\/wp\/v2\/pages\/3062\/revisions"}],"predecessor-version":[{"id":3064,"href":"https:\/\/www.einjahrzitate.de\/index.php?rest_route=\/wp\/v2\/pages\/3062\/revisions\/3064"}],"wp:attachment":[{"href":"https:\/\/www.einjahrzitate.de\/index.php?rest_route=%2Fwp%2Fv2%2Fmedia&parent=3062"}],"curies":[{"name":"wp","href":"https:\/\/api.w.org\/{rel}","templated":true}]}}