{"id":293,"date":"2014-01-25T14:41:23","date_gmt":"2014-01-25T13:41:23","guid":{"rendered":"http:\/\/www.einjahrzitate.de\/?page_id=293"},"modified":"2015-06-09T16:34:15","modified_gmt":"2015-06-09T15:34:15","slug":"john-steinbeck","status":"publish","type":"page","link":"https:\/\/www.einjahrzitate.de\/?page_id=293","title":{"rendered":"John Steinbeck"},"content":{"rendered":"<h3><span style=\"color: #3366ff;\">John Steinbeck<\/span><span style=\"line-height: 1.3;\">\u00a0wurde am 27. Februar 1902 in Salinas, in Kalifornien geboren. Er studierte an der Stanford Universit\u00e4t, die er verlie\u00df, um seinen literarischen Neigungen nachzugehen. Er musste mehrere Gelegenheitsjobs annehmen und arbeitete daraufhin als Journalist in New York, bis sich mit seinem 1935 ver\u00f6ffentlichten Roman <\/span><i style=\"line-height: 1.3;\">Tortilla Flat<\/i><span style=\"line-height: 1.3;\"> sein erster Erfolg einstellte. F\u00fcr seinen Roman <\/span><i style=\"line-height: 1.3;\">Fr\u00fcchte des Zorns<\/i><span style=\"line-height: 1.3;\">, der verfilmt wurde, erhielt er den Pulitzer Preis. Er beteiligte sich am Spanischen B\u00fcrgerkrieg und war Berichterstatter im Zweiten Weltkrieg. Nach dem Krieg machte er eine Reise in die Sowjetunion, und in den f\u00fcnfziger Jahren reiste er nach Europa und Nordafrika. 1952 erschien sein Roman <\/span><i style=\"line-height: 1.3;\">Jenseits von Eden<\/i><span style=\"line-height: 1.3;\">, der mit James Dean in der Hauptrolle verfilmt wurde. 1954 erhielt er die Medal of Freedom. Anfang der sechziger Jahre durchquerte John Steinbeck zusammen mit seinem Pudel Charley in einem Art Wohnmobil die USA, und aus seinen hierbei gemachten Erfahrungen entstand sein Buch <\/span><i style=\"line-height: 1.3;\">Die Reise mit Charley: Auf der Suche nach Amerika<\/i><span style=\"line-height: 1.3;\">. 1962 erhielt John Steinbeck den Nobelpreis f\u00fcr Literatur. Am 20. Dezember 1968 starb er in New York, sein Grab befindet sich in Salinas.<\/span><\/h3>\n<p>&nbsp;<\/p>\n<div class='watch-action'><div class='watch-position align-right'><div class='action-like'><a class='lbg-style1 like-293 jlk' href='javascript:void(0)' data-task='like' data-post_id='293' data-nonce='166a765446' rel='nofollow'><img class='wti-pixel' src='https:\/\/www.einjahrzitate.de\/wp-content\/plugins\/wti-like-post\/images\/pixel.gif' title='Interessant' \/><span class='lc-293 lc'>0<\/span><\/a><\/div><\/div> <div class='status-293 status align-right'><\/div><\/div><div class='wti-clear'><\/div>","protected":false},"excerpt":{"rendered":"<p>John Steinbeck\u00a0wurde am 27. Februar 1902 in Salinas, in Kalifornien geboren. Er studierte an der Stanford Universit\u00e4t, die er verlie\u00df, um seinen literarischen Neigungen nachzugehen. Er musste mehrere Gelegenheitsjobs annehmen und arbeitete daraufhin als Journalist in New York, bis sich mit seinem 1935 ver\u00f6ffentlichten Roman Tortilla Flat sein erster Erfolg einstellte. F\u00fcr seinen Roman Fr\u00fcchte [&hellip;]<\/p>\n","protected":false},"author":1,"featured_media":0,"parent":0,"menu_order":0,"comment_status":"closed","ping_status":"closed","template":"","meta":{"_monsterinsights_skip_tracking":false,"_monsterinsights_sitenote_active":false,"_monsterinsights_sitenote_note":"","_monsterinsights_sitenote_category":0,"footnotes":""},"class_list":["post-293","page","type-page","status-publish","hentry"],"_links":{"self":[{"href":"https:\/\/www.einjahrzitate.de\/index.php?rest_route=\/wp\/v2\/pages\/293","targetHints":{"allow":["GET"]}}],"collection":[{"href":"https:\/\/www.einjahrzitate.de\/index.php?rest_route=\/wp\/v2\/pages"}],"about":[{"href":"https:\/\/www.einjahrzitate.de\/index.php?rest_route=\/wp\/v2\/types\/page"}],"author":[{"embeddable":true,"href":"https:\/\/www.einjahrzitate.de\/index.php?rest_route=\/wp\/v2\/users\/1"}],"replies":[{"embeddable":true,"href":"https:\/\/www.einjahrzitate.de\/index.php?rest_route=%2Fwp%2Fv2%2Fcomments&post=293"}],"version-history":[{"count":0,"href":"https:\/\/www.einjahrzitate.de\/index.php?rest_route=\/wp\/v2\/pages\/293\/revisions"}],"wp:attachment":[{"href":"https:\/\/www.einjahrzitate.de\/index.php?rest_route=%2Fwp%2Fv2%2Fmedia&parent=293"}],"curies":[{"name":"wp","href":"https:\/\/api.w.org\/{rel}","templated":true}]}}