{"id":2895,"date":"2024-11-01T16:29:23","date_gmt":"2024-11-01T15:29:23","guid":{"rendered":"https:\/\/www.einjahrzitate.de\/?page_id=2895"},"modified":"2025-03-17T19:12:38","modified_gmt":"2025-03-17T18:12:38","slug":"accueil","status":"publish","type":"page","link":"https:\/\/www.einjahrzitate.de\/","title":{"rendered":"Vorwort"},"content":{"rendered":"<p><a href=\"https:\/\/www.einjahrzitate.de\/wp-content\/uploads\/2024\/11\/Christa_Duris_profil.jpg\"><img loading=\"lazy\" decoding=\"async\" src=\"https:\/\/www.einjahrzitate.de\/wp-content\/uploads\/2024\/11\/Christa_Duris_profil.jpg\" alt=\"\" width=\"1359\" height=\"837\" class=\"alignnone size-full wp-image-2900\" srcset=\"https:\/\/www.einjahrzitate.de\/wp-content\/uploads\/2024\/11\/Christa_Duris_profil.jpg 1359w, https:\/\/www.einjahrzitate.de\/wp-content\/uploads\/2024\/11\/Christa_Duris_profil-300x185.jpg 300w, https:\/\/www.einjahrzitate.de\/wp-content\/uploads\/2024\/11\/Christa_Duris_profil-1024x631.jpg 1024w, https:\/\/www.einjahrzitate.de\/wp-content\/uploads\/2024\/11\/Christa_Duris_profil-768x473.jpg 768w\" sizes=\"auto, (max-width: 1359px) 100vw, 1359px\" \/><\/a><\/p>\n<h3>Ich hei\u00dfe alle meine Leserinnen und Leser auf meiner Website herzlich willkommen.<\/h3>\n<h3>Kurz zu meiner Person.<br \/>\nIch habe an der Johann Wolfgang von Goethe-Universit\u00e4t in Frankfurt am Main Franz\u00f6sisch und Sozialkunde studiert und mein Studium mit dem ersten Staatsexamen abgeschlossen. Nach meiner Heirat zog ich mit meinem franz\u00f6sischen Ehemann nach Paris.<br \/>\nIch habe zwei erwachsene S\u00f6hne. \u00dcber die Hilfsorganisation <i>Partage<\/i> bin ich Patin eines M\u00e4dchens in Brasilien.<br \/>\nAn der Universit\u00e4t Paris Nanterre promovierte ich mit meiner wissenschaftlichen Arbeit <i>L&rsquo;Allemagne vue \u00e0 travers des p\u00e9riodiques protestants fran\u00e7ais (1933-1940)<\/i>.<\/h3>\n<h3>Kommen wir zu meiner Website. Sie k\u00f6nnen auf dieser Interviews mit ber\u00fchmten Personen, die selbst zu Wort kommen, lesen. Sie m\u00fcssen nur in der Rubrik <i>Ber\u00fchmte Menschen<\/i> auf den Namen der Person klicken, um alle mit ihr gemachten Gespr\u00e4che zu finden. Die Zahl der Gespr\u00e4che ist in der Klammer nach ihrem Namen angegeben.<\/h3>\n<h3>Wie verl\u00e4uft ein Gespr\u00e4ch? Orelie ist der Name der Gespr\u00e4chsleiterin. Nach der Begr\u00fc\u00dfung ihres Gastes nennt sie das Thema, \u00fcber das gesprochen wird. Mitunter beteiligen sich auch mehrere Personen an einem Gespr\u00e4ch.<br \/>\nJede der Pers\u00f6nlichkeiten antwortet auf Orelies Fragen mit S\u00e4tzen, die ich aus ihren B\u00fcchern entnommen habe. So kommen die ber\u00fchmten Menschen selbst zu Wort. Am Ende jedes der Zitate finden Sie den Zitatnachweis. Damit Sie eine bessere Lesbarkeit haben und die Aussagen der Personen nicht unterbrochen werden, habe ich K\u00fcrzungen bei den Zitaten nicht durch Auslassungspunkte vermerkt. Die Zitate habe ich der neuen Rechtschreibung angepasst.<\/h3>\n<h3>Sie finden ebenfalls eine kurze Biographie der ber\u00fchmten Personen und m\u00fcssen nur auf ihren Namen klicken, um diese lesen zu k\u00f6nnen.<\/h3>\n<h3>Die Interviews finden sich auch unter folgenden Themen: Pers\u00f6nliches aus ihrem Leben; Kunst, Literatur und Philosophie; Politik und Geschichte; Frauenbewegungen; Christlicher Glaube sowie Existenzielle Fragen. So k\u00f6nnen Sie auch eines dieser Themen ausw\u00e4hlen, um ein Gespr\u00e4ch zu finden.<\/h3>\n<h3>Ich w\u00fcnsche mir, dass Sie die Anwesenheit all dieser Menschen sp\u00fcren und ihre Anliegen wahrnehmen. Ich hoffe, dass die bekannten Personen Sie nicht gleichg\u00fcltig lassen.<\/h3>\n<h3>Haben Sie eine angeregte Lekt\u00fcre.<\/h3>\n<h3>Ihre Dr Christa Duris Stadler<\/h3>\n<div class='watch-action'><div class='watch-position align-right'><div class='action-like'><a class='lbg-style1 like-2895 jlk' href='javascript:void(0)' data-task='like' data-post_id='2895' data-nonce='166a765446' rel='nofollow'><img class='wti-pixel' src='https:\/\/www.einjahrzitate.de\/wp-content\/plugins\/wti-like-post\/images\/pixel.gif' title='Interessant' \/><span class='lc-2895 lc'>0<\/span><\/a><\/div><\/div> <div class='status-2895 status align-right'><\/div><\/div><div class='wti-clear'><\/div>","protected":false},"excerpt":{"rendered":"<p>Ich hei\u00dfe alle meine Leserinnen und Leser auf meiner Website herzlich willkommen. Kurz zu meiner Person. Ich habe an der Johann Wolfgang von Goethe-Universit\u00e4t in Frankfurt am Main Franz\u00f6sisch und Sozialkunde studiert und mein Studium mit dem ersten Staatsexamen abgeschlossen. Nach meiner Heirat zog ich mit meinem franz\u00f6sischen Ehemann nach Paris. Ich habe zwei erwachsene [&hellip;]<\/p>\n","protected":false},"author":1,"featured_media":0,"parent":0,"menu_order":0,"comment_status":"closed","ping_status":"closed","template":"","meta":{"_monsterinsights_skip_tracking":false,"_monsterinsights_sitenote_active":false,"_monsterinsights_sitenote_note":"","_monsterinsights_sitenote_category":0,"footnotes":""},"class_list":["post-2895","page","type-page","status-publish","hentry"],"_links":{"self":[{"href":"https:\/\/www.einjahrzitate.de\/index.php?rest_route=\/wp\/v2\/pages\/2895","targetHints":{"allow":["GET"]}}],"collection":[{"href":"https:\/\/www.einjahrzitate.de\/index.php?rest_route=\/wp\/v2\/pages"}],"about":[{"href":"https:\/\/www.einjahrzitate.de\/index.php?rest_route=\/wp\/v2\/types\/page"}],"author":[{"embeddable":true,"href":"https:\/\/www.einjahrzitate.de\/index.php?rest_route=\/wp\/v2\/users\/1"}],"replies":[{"embeddable":true,"href":"https:\/\/www.einjahrzitate.de\/index.php?rest_route=%2Fwp%2Fv2%2Fcomments&post=2895"}],"version-history":[{"count":13,"href":"https:\/\/www.einjahrzitate.de\/index.php?rest_route=\/wp\/v2\/pages\/2895\/revisions"}],"predecessor-version":[{"id":3130,"href":"https:\/\/www.einjahrzitate.de\/index.php?rest_route=\/wp\/v2\/pages\/2895\/revisions\/3130"}],"wp:attachment":[{"href":"https:\/\/www.einjahrzitate.de\/index.php?rest_route=%2Fwp%2Fv2%2Fmedia&parent=2895"}],"curies":[{"name":"wp","href":"https:\/\/api.w.org\/{rel}","templated":true}]}}