{"id":2864,"date":"2024-08-11T14:09:53","date_gmt":"2024-08-11T13:09:53","guid":{"rendered":"https:\/\/www.einjahrzitate.de\/?page_id=2864"},"modified":"2024-08-11T14:09:53","modified_gmt":"2024-08-11T13:09:53","slug":"jorg-zink","status":"publish","type":"page","link":"https:\/\/www.einjahrzitate.de\/?page_id=2864","title":{"rendered":"J\u00f6rg Zink"},"content":{"rendered":"<h3><span style=\"color: #3366ff;\">J\u00f6rg Zink<\/span>  wurde am 22. November 1922 in Elm auf einem Bruderhof, den sein Vater gegr\u00fcndet hatte, geboren. Seine Mutter starb 1925 und sein Vater ein Jahr sp\u00e4ter. Zink besuchte das humanistische Gymnasium in Ulm. Im zweiten Weltkrieg war er bei der Luftwaffe und kam nach dem Krieg in amerikanische Kriegsgefangenschaft. Er studierte Philsophie und Theologie an der Universit\u00e4t in T\u00fcbingen und promovierte in Hamburg mit seiner wissenschaftlichen Arbeit <i>Der Kompromiss als ethisches Problem<\/i>.<br \/>\nDaraufhin war er Pfarrer bis er 1961 Direktor des Burckhardthauses in Gelnhausen wurde. J\u00f6rg Zink las oftmals im Fernsehen <i>Das Wort zum Sonntag<\/i>. Seine \u00fcber Religion geschriebenen B\u00fccher erhielten hohe Auflagen und er wirkte ab 1970 an den evangelischen Kirchentagen mit. 1980 trat er der Partei der Gr\u00fcnen bei und setzte sich f\u00fcr den Umweltschutz ein. Gleichzeitig war er in der Friedensbewegung t\u00e4tig. F\u00fcr all seinen pers\u00f6nlichen Einsatz wurde er mehrmals ausgezeichnet.<br \/>\nJ\u00f6rg Zink starb am 9. September 2016 in Stuttgart.<\/h3>\n<div class='watch-action'><div class='watch-position align-right'><div class='action-like'><a class='lbg-style1 like-2864 jlk' href='javascript:void(0)' data-task='like' data-post_id='2864' data-nonce='3dd1f99ef2' rel='nofollow'><img class='wti-pixel' src='https:\/\/www.einjahrzitate.de\/wp-content\/plugins\/wti-like-post\/images\/pixel.gif' title='Interessant' \/><span class='lc-2864 lc'>0<\/span><\/a><\/div><\/div> <div class='status-2864 status align-right'><\/div><\/div><div class='wti-clear'><\/div>","protected":false},"excerpt":{"rendered":"<p>J\u00f6rg Zink wurde am 22. November 1922 in Elm auf einem Bruderhof, den sein Vater gegr\u00fcndet hatte, geboren. Seine Mutter starb 1925 und sein Vater ein Jahr sp\u00e4ter. Zink besuchte das humanistische Gymnasium in Ulm. Im zweiten Weltkrieg war er bei der Luftwaffe und kam nach dem Krieg in amerikanische Kriegsgefangenschaft. Er studierte Philsophie und [&hellip;]<\/p>\n","protected":false},"author":1,"featured_media":0,"parent":0,"menu_order":0,"comment_status":"closed","ping_status":"closed","template":"","meta":{"_monsterinsights_skip_tracking":false,"_monsterinsights_sitenote_active":false,"_monsterinsights_sitenote_note":"","_monsterinsights_sitenote_category":0,"footnotes":""},"class_list":["post-2864","page","type-page","status-publish","hentry"],"_links":{"self":[{"href":"https:\/\/www.einjahrzitate.de\/index.php?rest_route=\/wp\/v2\/pages\/2864","targetHints":{"allow":["GET"]}}],"collection":[{"href":"https:\/\/www.einjahrzitate.de\/index.php?rest_route=\/wp\/v2\/pages"}],"about":[{"href":"https:\/\/www.einjahrzitate.de\/index.php?rest_route=\/wp\/v2\/types\/page"}],"author":[{"embeddable":true,"href":"https:\/\/www.einjahrzitate.de\/index.php?rest_route=\/wp\/v2\/users\/1"}],"replies":[{"embeddable":true,"href":"https:\/\/www.einjahrzitate.de\/index.php?rest_route=%2Fwp%2Fv2%2Fcomments&post=2864"}],"version-history":[{"count":0,"href":"https:\/\/www.einjahrzitate.de\/index.php?rest_route=\/wp\/v2\/pages\/2864\/revisions"}],"wp:attachment":[{"href":"https:\/\/www.einjahrzitate.de\/index.php?rest_route=%2Fwp%2Fv2%2Fmedia&parent=2864"}],"curies":[{"name":"wp","href":"https:\/\/api.w.org\/{rel}","templated":true}]}}