{"id":2726,"date":"2023-11-11T16:37:09","date_gmt":"2023-11-11T15:37:09","guid":{"rendered":"https:\/\/www.einjahrzitate.de\/?page_id=2726"},"modified":"2023-11-11T16:37:09","modified_gmt":"2023-11-11T15:37:09","slug":"thomas-mann","status":"publish","type":"page","link":"https:\/\/www.einjahrzitate.de\/?page_id=2726","title":{"rendered":"Thomas Mann"},"content":{"rendered":"<h3><span style=\"color: #3366ff;\">Thomas Mann<\/span>  wurde am 6. Juni 1875 in L\u00fcbeck geboren. Schon als Jugendlicher ver\u00f6ffentlichte er in verschiedenen Zeitschriften literarische Texte und hegte den Wunsch, freier Schriftsteller zu werden. Mit seinem  1901 ver\u00f6ffentlichten Roman <i> Die Buddenbrooks, der Verfall einer Familie<\/i> gelang ihm der Durchbruch. Im Jahr  erhielt er haupts\u00e4chlich f\u00fcr diesen Roman den Nobelpreis f\u00fcr Literatur. Am 11. Februar 1905 heiratete er Katia Pringsheim und die beiden bekamen sechs Kinder. Seine Frau erholte sich des \u00f6fteren in schweizerischen Sanatorien, was Thomas Mann dazu veranlasste, seinen Roman <i>Der Zauberberg<\/i> zu schreiben, der 1924 ver\u00f6ffentlicht wurde. W\u00e4hrend des ersten Weltkriegs bef\u00fcrwortete er ganz im Gegensatz zu seinem Bruder Heinrich den Krieg und nahm eine antidemokratische Haltung ein, was aus seinem Essay <i>Betrachtungen eines Unpolitischen<\/i> hervorgeht. In den zwanziger Jahren \u00e4nderte Thomas Mann seine fr\u00fcheren politischen \u00dcberzeugungen und wurde ein Demokrat, der auf der Seite der Weimarer Republik stand. Nach der nationalsozialistischen Machtergreifung verlie\u00df Thomas Mann Deutschland und zog mit seiner Frau Katia zun\u00e4chst nach Sanary-sur-Mer in S\u00fcdfrankreich und danach nach K\u00fcsnacht in der Schweiz. 1936 wurde ihm die deutsche Staatsb\u00fcrgerschaft aberkannt. 1938 emigrierte das Ehepaar Mann in die USA. Dort unterrichtete Thomas Mann zuerst an der Universit\u00e4t in Princeton, bevor er sich eine Villa in Pacific Palisades, einem Stadtteil im Westen von Los Angeles bauen lie\u00df und in die er mit seiner Familie zog. Dort schrieb er seinen Roman <i>Doktor Faustus<\/i>. Im Juni 1944 erhielt er die amerikanische Staatsb\u00fcrgerschaft. Nach dem Krieg zog es Thomas Mann zur\u00fcck in die Schweiz, wo er und Katia sich ein Haus in Kilchberg kauften. Thomas Mann starb am 12. August 1955 in einem Z\u00fcrcher Krankenhaus. Sein Grab befindet sich auf dem Friedhof von Kilchberg.<\/h3>\n<div class='watch-action'><div class='watch-position align-right'><div class='action-like'><a class='lbg-style1 like-2726 jlk' href='javascript:void(0)' data-task='like' data-post_id='2726' data-nonce='166a765446' rel='nofollow'><img class='wti-pixel' src='https:\/\/www.einjahrzitate.de\/wp-content\/plugins\/wti-like-post\/images\/pixel.gif' title='Interessant' \/><span class='lc-2726 lc'>0<\/span><\/a><\/div><\/div> <div class='status-2726 status align-right'><\/div><\/div><div class='wti-clear'><\/div>","protected":false},"excerpt":{"rendered":"<p>Thomas Mann wurde am 6. Juni 1875 in L\u00fcbeck geboren. Schon als Jugendlicher ver\u00f6ffentlichte er in verschiedenen Zeitschriften literarische Texte und hegte den Wunsch, freier Schriftsteller zu werden. Mit seinem 1901 ver\u00f6ffentlichten Roman Die Buddenbrooks, der Verfall einer Familie gelang ihm der Durchbruch. Im Jahr erhielt er haupts\u00e4chlich f\u00fcr diesen Roman den Nobelpreis f\u00fcr Literatur. [&hellip;]<\/p>\n","protected":false},"author":1,"featured_media":0,"parent":0,"menu_order":0,"comment_status":"closed","ping_status":"closed","template":"","meta":{"_monsterinsights_skip_tracking":false,"_monsterinsights_sitenote_active":false,"_monsterinsights_sitenote_note":"","_monsterinsights_sitenote_category":0,"footnotes":""},"class_list":["post-2726","page","type-page","status-publish","hentry"],"_links":{"self":[{"href":"https:\/\/www.einjahrzitate.de\/index.php?rest_route=\/wp\/v2\/pages\/2726","targetHints":{"allow":["GET"]}}],"collection":[{"href":"https:\/\/www.einjahrzitate.de\/index.php?rest_route=\/wp\/v2\/pages"}],"about":[{"href":"https:\/\/www.einjahrzitate.de\/index.php?rest_route=\/wp\/v2\/types\/page"}],"author":[{"embeddable":true,"href":"https:\/\/www.einjahrzitate.de\/index.php?rest_route=\/wp\/v2\/users\/1"}],"replies":[{"embeddable":true,"href":"https:\/\/www.einjahrzitate.de\/index.php?rest_route=%2Fwp%2Fv2%2Fcomments&post=2726"}],"version-history":[{"count":0,"href":"https:\/\/www.einjahrzitate.de\/index.php?rest_route=\/wp\/v2\/pages\/2726\/revisions"}],"wp:attachment":[{"href":"https:\/\/www.einjahrzitate.de\/index.php?rest_route=%2Fwp%2Fv2%2Fmedia&parent=2726"}],"curies":[{"name":"wp","href":"https:\/\/api.w.org\/{rel}","templated":true}]}}