{"id":2720,"date":"2023-11-03T16:54:48","date_gmt":"2023-11-03T15:54:48","guid":{"rendered":"https:\/\/www.einjahrzitate.de\/?page_id=2720"},"modified":"2023-11-03T16:54:48","modified_gmt":"2023-11-03T15:54:48","slug":"rut-brandt","status":"publish","type":"page","link":"https:\/\/www.einjahrzitate.de\/?page_id=2720","title":{"rendered":"Rut Brandt"},"content":{"rendered":"<h3><span style=\"color: #3366ff;\">Rut Brandt<\/span>  wurde am 10. Januar 1920 in Hamar in Norwegen als Rut Hansen geboren. Schon als Jugendliche schloss sie sich der sozialistischen Arbeiterbewegung an. Nach dem Einmarsch der deutschen Truppen in Norwegen im Jahr 1942 floh sie gemeinsam mit ihrer Schwester nach Schweden. Dort heiratete sie ihren langj\u00e4hrigen Freund Ole Bergaust, der ebenfalls dem norwegischen Widerstand angeh\u00f6rte. 1946 starb ihr Mann, der an Tuberkulose erkrankt war, in einem Sanatorium. Rut Hansen heiratete im Jahr 1948 Willy Brandt. Die beiden bekamen drei S\u00f6hne. Rut Brandt stand ihrem Mann w\u00e4hrend seiner politischen Laufbahn fest und verst\u00e4ndnisvoll zur Seite.  Willy Brandt war 1957  regierender B\u00fcrgermeister von Berlin geworden, 1966 wurde er Au\u00dfenminister und von 1969 bis 1974 Bundeskanzler der Bundesrepublik Deutschland. Am 16. Dezember 1980 wurden Rut und Willy Brandt geschieden. Rut Brandt starb am 28. Juli 2006 in einem Berliner Altersheim. Sie wurde auf dem Waldfriedhof in Berlin-Zehlendorf beigesetzt, auf dem sich auch Willy Brandts Grab befindet.<\/h3>\n<div class='watch-action'><div class='watch-position align-right'><div class='action-like'><a class='lbg-style1 like-2720 jlk' href='javascript:void(0)' data-task='like' data-post_id='2720' data-nonce='166a765446' rel='nofollow'><img class='wti-pixel' src='https:\/\/www.einjahrzitate.de\/wp-content\/plugins\/wti-like-post\/images\/pixel.gif' title='Interessant' \/><span class='lc-2720 lc'>0<\/span><\/a><\/div><\/div> <div class='status-2720 status align-right'><\/div><\/div><div class='wti-clear'><\/div>","protected":false},"excerpt":{"rendered":"<p>Rut Brandt wurde am 10. Januar 1920 in Hamar in Norwegen als Rut Hansen geboren. Schon als Jugendliche schloss sie sich der sozialistischen Arbeiterbewegung an. Nach dem Einmarsch der deutschen Truppen in Norwegen im Jahr 1942 floh sie gemeinsam mit ihrer Schwester nach Schweden. Dort heiratete sie ihren langj\u00e4hrigen Freund Ole Bergaust, der ebenfalls dem [&hellip;]<\/p>\n","protected":false},"author":1,"featured_media":0,"parent":0,"menu_order":0,"comment_status":"closed","ping_status":"closed","template":"","meta":{"_monsterinsights_skip_tracking":false,"_monsterinsights_sitenote_active":false,"_monsterinsights_sitenote_note":"","_monsterinsights_sitenote_category":0,"footnotes":""},"class_list":["post-2720","page","type-page","status-publish","hentry"],"_links":{"self":[{"href":"https:\/\/www.einjahrzitate.de\/index.php?rest_route=\/wp\/v2\/pages\/2720","targetHints":{"allow":["GET"]}}],"collection":[{"href":"https:\/\/www.einjahrzitate.de\/index.php?rest_route=\/wp\/v2\/pages"}],"about":[{"href":"https:\/\/www.einjahrzitate.de\/index.php?rest_route=\/wp\/v2\/types\/page"}],"author":[{"embeddable":true,"href":"https:\/\/www.einjahrzitate.de\/index.php?rest_route=\/wp\/v2\/users\/1"}],"replies":[{"embeddable":true,"href":"https:\/\/www.einjahrzitate.de\/index.php?rest_route=%2Fwp%2Fv2%2Fcomments&post=2720"}],"version-history":[{"count":0,"href":"https:\/\/www.einjahrzitate.de\/index.php?rest_route=\/wp\/v2\/pages\/2720\/revisions"}],"wp:attachment":[{"href":"https:\/\/www.einjahrzitate.de\/index.php?rest_route=%2Fwp%2Fv2%2Fmedia&parent=2720"}],"curies":[{"name":"wp","href":"https:\/\/api.w.org\/{rel}","templated":true}]}}