{"id":2202,"date":"2019-11-30T10:30:10","date_gmt":"2019-11-30T09:30:10","guid":{"rendered":"http:\/\/www.einjahrzitate.de\/?page_id=2202"},"modified":"2019-11-30T10:30:10","modified_gmt":"2019-11-30T09:30:10","slug":"fjodor-michailowitsch-dostojewski","status":"publish","type":"page","link":"https:\/\/www.einjahrzitate.de\/?page_id=2202","title":{"rendered":"Fjodor Michailowitsch Dostojewski"},"content":{"rendered":"<h3><span style=\"color: #3366ff;\">Fjodor Michailowitsch Dostojewski<\/span> wurde am 30. Oktober 1821 in Moskau geboren. Mit seinem im Jahr 1846 ver\u00f6ffentlichten Roman <i>Arme Leute<\/i> gelang ihm der literarische Durchbruch. In dieser Zeit schloss sich Dostojewski einer revolution\u00e4ren politischen Gruppe an, die unter anderem f\u00fcr die Abschaffung der Leibeigenschaft eintrat. Durch einen eingeschleusten Spitzel wurden mehrere Mitglieder der Gruppe, unter denen sich auch Dostojewski befand, verhaftet. Das \u00fcber sie verh\u00e4ngte Todesurteil wurde von Zar Nikolaus I. in eine vierj\u00e4hrige Zuchthausstrafe mit Zwangsarbeit in Sibirien sowie eine anschlie\u00dfende vierj\u00e4hrige Milit\u00e4rszeit umgewandelt. 1850 traf Dostojewski mit anderen Gefangenen in Omsk ein und w\u00e4hend seiner Haft verschlimmerten sich seine epileptischen Anf\u00e4lle. 1859 kehrte Fjodor Dostojewski nach St. Petersburg zur\u00fcck. In seinen 1861 erschienenen <i>Aufzeichnungen aus einem Totenhaus<\/i> brachte er seine entsetzlichen Erfahrungen in der Strafkolonie Omsk zum Ausdruck. Die Jahre zwischen 1862 und 1865 verbrachte Dostojewski in verschiedenen europ\u00e4ischen St\u00e4dten, unter anderen in London, Paris, Genf, Turin, Baden-Baden, Wiesbaden und Kopenhagen. Er gab sich in dieser Zeit der Spielsucht hin, was ihn in gro\u00dfe finanzielle Schwierigkeiten brachte. Zur\u00fcck in Russland erschien im Jahr 1866 sein Roman <i>Schuld und S\u00fchne<\/i>. Da seine Gl\u00e4ubiger ihn immer st\u00e4rker dr\u00e4ngten seine Schulden zu begleichen, verlie\u00df er mit seiner zweiten Ehefrau, Anna Grigorjevna , Russland und wohnte mehrere Jahre in Deutschland, der Schweiz und Italien. Es waren sehr harte Jahre, da Dostojewski nicht von seiner Spielsucht loskam, und die Eheleute ihre letzten Wertsachen verpf\u00e4nden mussten. Dennoch schaffte es Dostojewski w\u00e4hrend dieser Jahre seine bedeutenden Werke <i\/>Der Idiot<\/i> und die<i>Die D\u00e4monen<\/i> zu schreiben. 1871 kam er nach St. Petersburg zur\u00fcck, und zwischen 1879 und 1880 schrieb er seinen gro\u00dfen Roman <i>Die Br\u00fcder Karamasow<\/i>. An\u00e4sslich der Alexander Puschkin Feiern in Moskau hielt Dostojewski am 8. Juni 1880 eine Rede, die von den anwesenden Personen, unter denen sich auch Ivan Turgenev befand, begeistert aufgenommen wurde. Anfang des darauffolgenden Jahrs erlitt Fjodor Dostojewski einen Blutsturz und er starb am 28. Januar 1881. Sein Grab befindet sich auf dem Friedhof des Alexander Newski Klosters in St. Petersburg.<\/h3>\n<div class='watch-action'><div class='watch-position align-right'><div class='action-like'><a class='lbg-style1 like-2202 jlk' href='javascript:void(0)' data-task='like' data-post_id='2202' data-nonce='166a765446' rel='nofollow'><img class='wti-pixel' src='https:\/\/www.einjahrzitate.de\/wp-content\/plugins\/wti-like-post\/images\/pixel.gif' title='Interessant' \/><span class='lc-2202 lc'>0<\/span><\/a><\/div><\/div> <div class='status-2202 status align-right'><\/div><\/div><div class='wti-clear'><\/div>","protected":false},"excerpt":{"rendered":"<p>Fjodor Michailowitsch Dostojewski wurde am 30. Oktober 1821 in Moskau geboren. Mit seinem im Jahr 1846 ver\u00f6ffentlichten Roman Arme Leute gelang ihm der literarische Durchbruch. In dieser Zeit schloss sich Dostojewski einer revolution\u00e4ren politischen Gruppe an, die unter anderem f\u00fcr die Abschaffung der Leibeigenschaft eintrat. Durch einen eingeschleusten Spitzel wurden mehrere Mitglieder der Gruppe, unter [&hellip;]<\/p>\n","protected":false},"author":1,"featured_media":0,"parent":0,"menu_order":0,"comment_status":"closed","ping_status":"closed","template":"","meta":{"_monsterinsights_skip_tracking":false,"_monsterinsights_sitenote_active":false,"_monsterinsights_sitenote_note":"","_monsterinsights_sitenote_category":0,"footnotes":""},"class_list":["post-2202","page","type-page","status-publish","hentry"],"_links":{"self":[{"href":"https:\/\/www.einjahrzitate.de\/index.php?rest_route=\/wp\/v2\/pages\/2202","targetHints":{"allow":["GET"]}}],"collection":[{"href":"https:\/\/www.einjahrzitate.de\/index.php?rest_route=\/wp\/v2\/pages"}],"about":[{"href":"https:\/\/www.einjahrzitate.de\/index.php?rest_route=\/wp\/v2\/types\/page"}],"author":[{"embeddable":true,"href":"https:\/\/www.einjahrzitate.de\/index.php?rest_route=\/wp\/v2\/users\/1"}],"replies":[{"embeddable":true,"href":"https:\/\/www.einjahrzitate.de\/index.php?rest_route=%2Fwp%2Fv2%2Fcomments&post=2202"}],"version-history":[{"count":0,"href":"https:\/\/www.einjahrzitate.de\/index.php?rest_route=\/wp\/v2\/pages\/2202\/revisions"}],"wp:attachment":[{"href":"https:\/\/www.einjahrzitate.de\/index.php?rest_route=%2Fwp%2Fv2%2Fmedia&parent=2202"}],"curies":[{"name":"wp","href":"https:\/\/api.w.org\/{rel}","templated":true}]}}