{"id":209,"date":"2013-10-22T14:13:15","date_gmt":"2013-10-22T13:13:15","guid":{"rendered":"http:\/\/www.einjahrzitate.de\/?page_id=209"},"modified":"2015-06-09T16:33:46","modified_gmt":"2015-06-09T15:33:46","slug":"hannah-arendt","status":"publish","type":"page","link":"https:\/\/www.einjahrzitate.de\/?page_id=209","title":{"rendered":"Hannah Arendt"},"content":{"rendered":"<h3><span style=\"color: #3366ff;\">Hannah Arendt<\/span> wurde am 14. Oktober 1906 in Hannover geboren. Drei Jahre sp\u00e4ter zogen ihre Eltern nach K\u00f6nigsberg, wo sie 1924 das Abitur machte. Danach studierte sie an der Universit\u00e4t Marburg Philosophie, Theologie und Griechisch. Zu ihren Lehrern z\u00e4hlten Martin Heidegger und Rudolf Bultmann. Daraufhin ging sie nach Heidelberg, wo sie 1928 bei Karl Jaspers promovierte. 1933 floh sie aus Hitlerdeutschland nach Paris und ging 1941 nach New York. Sie arbeitete als Journalistin und war von 1946 &#8211; 1948 Lektorin beim Schocken Verlag. 1951 ver\u00f6ffentlichte sie ihr Werk <i>The Origins of Totalitarianism<\/i>. Daraufhin hielt sie Vorlesungen an der Princeton Universit\u00e4t, der Universit\u00e4t von Notre Dame, der Universit\u00e4t von California in Berkeley und der Universit\u00e4t von Chicago. 1962 nahm sie als Bericherstatterin f\u00fcr die Zeitung <i>New Yorker<\/i> an dem Eichmann Prozess in Jerusalem teil. Aus ihren Aufzeichnungen entstand das Buch <i>Eichmann in Jerusalem &#8211; Ein Bericht \u00fcber die Banalit\u00e4t des B\u00f6sen<\/i>, das nach seiner Publikation zu zahlreichen Kontroversen f\u00fchrte. 1963 wurde sie Professorin an der Universit\u00e4t in Chicago, und von 1967 bis zu ihrer Emeritierung im Jahr 1975 war sie Professorin an der New School for Social Research in New York. Am 10. Mai 1974 erlitt sie einen Herzinfarkt.<br \/>\nHannah Arendt starb am 4. Dezember 1975 nach einem zweiten Herzinfarkt in ihrer Wohnung in New York.<\/h3>\n<div class='watch-action'><div class='watch-position align-right'><div class='action-like'><a class='lbg-style1 like-209 jlk' href='javascript:void(0)' data-task='like' data-post_id='209' data-nonce='166a765446' rel='nofollow'><img class='wti-pixel' src='https:\/\/www.einjahrzitate.de\/wp-content\/plugins\/wti-like-post\/images\/pixel.gif' title='Interessant' \/><span class='lc-209 lc'>0<\/span><\/a><\/div><\/div> <div class='status-209 status align-right'><\/div><\/div><div class='wti-clear'><\/div>","protected":false},"excerpt":{"rendered":"<p>Hannah Arendt wurde am 14. Oktober 1906 in Hannover geboren. Drei Jahre sp\u00e4ter zogen ihre Eltern nach K\u00f6nigsberg, wo sie 1924 das Abitur machte. Danach studierte sie an der Universit\u00e4t Marburg Philosophie, Theologie und Griechisch. Zu ihren Lehrern z\u00e4hlten Martin Heidegger und Rudolf Bultmann. Daraufhin ging sie nach Heidelberg, wo sie 1928 bei Karl Jaspers [&hellip;]<\/p>\n","protected":false},"author":1,"featured_media":0,"parent":0,"menu_order":0,"comment_status":"closed","ping_status":"closed","template":"","meta":{"_monsterinsights_skip_tracking":false,"_monsterinsights_sitenote_active":false,"_monsterinsights_sitenote_note":"","_monsterinsights_sitenote_category":0,"footnotes":""},"class_list":["post-209","page","type-page","status-publish","hentry"],"_links":{"self":[{"href":"https:\/\/www.einjahrzitate.de\/index.php?rest_route=\/wp\/v2\/pages\/209","targetHints":{"allow":["GET"]}}],"collection":[{"href":"https:\/\/www.einjahrzitate.de\/index.php?rest_route=\/wp\/v2\/pages"}],"about":[{"href":"https:\/\/www.einjahrzitate.de\/index.php?rest_route=\/wp\/v2\/types\/page"}],"author":[{"embeddable":true,"href":"https:\/\/www.einjahrzitate.de\/index.php?rest_route=\/wp\/v2\/users\/1"}],"replies":[{"embeddable":true,"href":"https:\/\/www.einjahrzitate.de\/index.php?rest_route=%2Fwp%2Fv2%2Fcomments&post=209"}],"version-history":[{"count":0,"href":"https:\/\/www.einjahrzitate.de\/index.php?rest_route=\/wp\/v2\/pages\/209\/revisions"}],"wp:attachment":[{"href":"https:\/\/www.einjahrzitate.de\/index.php?rest_route=%2Fwp%2Fv2%2Fmedia&parent=209"}],"curies":[{"name":"wp","href":"https:\/\/api.w.org\/{rel}","templated":true}]}}