{"id":1611,"date":"2016-12-04T15:27:51","date_gmt":"2016-12-04T14:27:51","guid":{"rendered":"http:\/\/www.einjahrzitate.de\/?page_id=1611"},"modified":"2016-12-04T18:09:23","modified_gmt":"2016-12-04T17:09:23","slug":"friedrich-nietzsche","status":"publish","type":"page","link":"https:\/\/www.einjahrzitate.de\/?page_id=1611","title":{"rendered":"Friedrich Nietzsche"},"content":{"rendered":"<h3><span style=\"color: #3366ff;\">Friedrich Nietzsche<\/span> wurde am 15. Oktober 1844 in R\u00f6cken geboren. Ab 1864 studierte er an der Universit\u00e4t in Bonn klassische Philologie. Mit 24 Jahren wurde er Professor f\u00fcr klassische Philologie an der Universit\u00e4t in Basel. 1872 ver\u00f6ffentlichte Friedrich Nietzsche sein Werk <i>Die Geburt der Trag\u00f6die aus dem Geiste der Musik<\/i>, das von mehreren Gelehrten kritisch beurteilt wurde. Friedrich Nietzsche litt an starken Migr\u00e4neanf\u00e4llen und musste deshalb 1879 seine Lehrt\u00e4tigkeit an der Universit\u00e4t aufgeben. Er lebte von da an von seiner Arbeit als freier Schriftsteller und begann mit der Herausgabe seines Werks <i>Also sprach Zarathustra<\/i>. 1886 ver\u00f6ffentlichte er auf eigene Kosten sein Buch <i>Jenseits von Gut und B\u00f6se<\/i>. Friedrich Nietzsche wohnte in all dieser Zeit vorwiegend in Sils Maria und in Oberitalien. Anfang des Jahrs 1889 erlitt Friedrich Nietzsche in Turin einen Nervenzusammenbruch und musste in eine psychiatrische Klinik in Basel eingeliefert werden. Ein Jahr sp\u00e4ter durfte er die Heilanstalt verlassen, und er kam zu seiner Mutter nach Naumburg. 1897 starb seine Mutter, woraufhin seine Schwester Elisabeth mit ihm nach Weimar umzog. In dieser Stadt starb Friedrich Nietzsche in geistiger Umnachtung am 25. August 1900. <\/h3>\n<div class='watch-action'><div class='watch-position align-right'><div class='action-like'><a class='lbg-style1 like-1611 jlk' href='javascript:void(0)' data-task='like' data-post_id='1611' data-nonce='166a765446' rel='nofollow'><img class='wti-pixel' src='https:\/\/www.einjahrzitate.de\/wp-content\/plugins\/wti-like-post\/images\/pixel.gif' title='Interessant' \/><span class='lc-1611 lc'>0<\/span><\/a><\/div><\/div> <div class='status-1611 status align-right'><\/div><\/div><div class='wti-clear'><\/div>","protected":false},"excerpt":{"rendered":"<p>Friedrich Nietzsche wurde am 15. Oktober 1844 in R\u00f6cken geboren. Ab 1864 studierte er an der Universit\u00e4t in Bonn klassische Philologie. Mit 24 Jahren wurde er Professor f\u00fcr klassische Philologie an der Universit\u00e4t in Basel. 1872 ver\u00f6ffentlichte Friedrich Nietzsche sein Werk Die Geburt der Trag\u00f6die aus dem Geiste der Musik, das von mehreren Gelehrten kritisch [&hellip;]<\/p>\n","protected":false},"author":1,"featured_media":0,"parent":0,"menu_order":0,"comment_status":"closed","ping_status":"closed","template":"","meta":{"_monsterinsights_skip_tracking":false,"_monsterinsights_sitenote_active":false,"_monsterinsights_sitenote_note":"","_monsterinsights_sitenote_category":0,"footnotes":""},"class_list":["post-1611","page","type-page","status-publish","hentry"],"_links":{"self":[{"href":"https:\/\/www.einjahrzitate.de\/index.php?rest_route=\/wp\/v2\/pages\/1611","targetHints":{"allow":["GET"]}}],"collection":[{"href":"https:\/\/www.einjahrzitate.de\/index.php?rest_route=\/wp\/v2\/pages"}],"about":[{"href":"https:\/\/www.einjahrzitate.de\/index.php?rest_route=\/wp\/v2\/types\/page"}],"author":[{"embeddable":true,"href":"https:\/\/www.einjahrzitate.de\/index.php?rest_route=\/wp\/v2\/users\/1"}],"replies":[{"embeddable":true,"href":"https:\/\/www.einjahrzitate.de\/index.php?rest_route=%2Fwp%2Fv2%2Fcomments&post=1611"}],"version-history":[{"count":0,"href":"https:\/\/www.einjahrzitate.de\/index.php?rest_route=\/wp\/v2\/pages\/1611\/revisions"}],"wp:attachment":[{"href":"https:\/\/www.einjahrzitate.de\/index.php?rest_route=%2Fwp%2Fv2%2Fmedia&parent=1611"}],"curies":[{"name":"wp","href":"https:\/\/api.w.org\/{rel}","templated":true}]}}