{"id":1576,"date":"2016-10-31T13:25:58","date_gmt":"2016-10-31T12:25:58","guid":{"rendered":"http:\/\/www.einjahrzitate.de\/?page_id=1576"},"modified":"2022-06-21T16:44:08","modified_gmt":"2022-06-21T15:44:08","slug":"gustave-flaubert","status":"publish","type":"page","link":"https:\/\/www.einjahrzitate.de\/?page_id=1576","title":{"rendered":"Gustave Flaubert"},"content":{"rendered":"<p>\ufeff<\/p>\n<h3><span style=\"color: #3366ff;\">Gustave Flaubert<\/span> wurde am 12. Dezember 1821 in Rouen geboren. Nach dem Abitur begann er in Paris Jura zu studieren. Aber er war mehr mit dem Schreiben von Romanen besch\u00e4ftigt und brach sein Studium ab. 1856 erschien im Feuilleton der Revue de Paris sein Roman <i>Madame Bovary<\/i>. Gustave Flaubert wurde Anfang des Jahrs 1857 der Prozess gemacht, weil er mit diesem Roman die bestehende Moral verletzt h\u00e4tte. Gustave Flaubert wurde von dem Gericht von den gegen ihn vorgebrachten Anklagen freigesprochen. Daraufhin konnte er seinen Roman ver\u00f6ffentlichen, und er lebte von nun an als freier Schriftsteller. In den folgenden Jahren schrieb er seinen Roman <i>L&rsquo;Education sentimentale<\/i>. Danach unternahm er eine Reise nach Tunesien, wo er nach Dokumenten f\u00fcr seinen historischen Roman <i>Salammb\u00f4<\/i> forschte. Der Revolution von 1848 stand Gustave Flaubert skeptisch gegen\u00fcber. 1866 wurde Gustave Flaubert mit dem Orden der Ehrenlegion ausgezeichnet. 1874 ver\u00f6ffentlichte er seine in Dialogform geschriebene Erz\u00e4hlung <i>La Tentation de Saint Antoine<\/i>. Drei Jahre sp\u00e4ter begann er seinen Roman <i>Bouvard et P\u00e9cuchet<\/i>, der unvollendet blieb und ein Jahr nach seinem Tod ver\u00f6ffentlicht wurde. Gustave Flaubert starb am 8. Mai 1880 in Croisset, einem Ortsteil von Chanteleu.<\/h3>\n<div class='watch-action'><div class='watch-position align-right'><div class='action-like'><a class='lbg-style1 like-1576 jlk' href='javascript:void(0)' data-task='like' data-post_id='1576' data-nonce='166a765446' rel='nofollow'><img class='wti-pixel' src='https:\/\/www.einjahrzitate.de\/wp-content\/plugins\/wti-like-post\/images\/pixel.gif' title='Interessant' \/><span class='lc-1576 lc'>0<\/span><\/a><\/div><\/div> <div class='status-1576 status align-right'><\/div><\/div><div class='wti-clear'><\/div>","protected":false},"excerpt":{"rendered":"<p>\ufeff Gustave Flaubert wurde am 12. Dezember 1821 in Rouen geboren. Nach dem Abitur begann er in Paris Jura zu studieren. Aber er war mehr mit dem Schreiben von Romanen besch\u00e4ftigt und brach sein Studium ab. 1856 erschien im Feuilleton der Revue de Paris sein Roman Madame Bovary. Gustave Flaubert wurde Anfang des Jahrs 1857 [&hellip;]<\/p>\n","protected":false},"author":1,"featured_media":0,"parent":0,"menu_order":0,"comment_status":"closed","ping_status":"closed","template":"","meta":{"_monsterinsights_skip_tracking":false,"_monsterinsights_sitenote_active":false,"_monsterinsights_sitenote_note":"","_monsterinsights_sitenote_category":0,"footnotes":""},"class_list":["post-1576","page","type-page","status-publish","hentry"],"_links":{"self":[{"href":"https:\/\/www.einjahrzitate.de\/index.php?rest_route=\/wp\/v2\/pages\/1576","targetHints":{"allow":["GET"]}}],"collection":[{"href":"https:\/\/www.einjahrzitate.de\/index.php?rest_route=\/wp\/v2\/pages"}],"about":[{"href":"https:\/\/www.einjahrzitate.de\/index.php?rest_route=\/wp\/v2\/types\/page"}],"author":[{"embeddable":true,"href":"https:\/\/www.einjahrzitate.de\/index.php?rest_route=\/wp\/v2\/users\/1"}],"replies":[{"embeddable":true,"href":"https:\/\/www.einjahrzitate.de\/index.php?rest_route=%2Fwp%2Fv2%2Fcomments&post=1576"}],"version-history":[{"count":0,"href":"https:\/\/www.einjahrzitate.de\/index.php?rest_route=\/wp\/v2\/pages\/1576\/revisions"}],"wp:attachment":[{"href":"https:\/\/www.einjahrzitate.de\/index.php?rest_route=%2Fwp%2Fv2%2Fmedia&parent=1576"}],"curies":[{"name":"wp","href":"https:\/\/api.w.org\/{rel}","templated":true}]}}