{"id":149,"date":"2013-09-19T16:48:23","date_gmt":"2013-09-19T15:48:23","guid":{"rendered":"http:\/\/www.einjahrzitate.de\/?page_id=149"},"modified":"2015-06-09T16:33:08","modified_gmt":"2015-06-09T15:33:08","slug":"albert-camus","status":"publish","type":"page","link":"https:\/\/www.einjahrzitate.de\/?page_id=149","title":{"rendered":"Albert Camus"},"content":{"rendered":"<h3><span style=\"color: #3366ff;\">Albert Camus<\/span> wurde am 7. November 1913 in Mondovi geboren. Sein Grundschullehrer Louis Germain half ihm, dass er aufs Gymnasium gehen konnte. Nach dem Abitur studierte er an der Universit\u00e4t in Algier Philosophie. 1936 beendete er sein Studium, aber er wurde aufgrund seiner Tuberkulose nicht zur Agr\u00e9gation, der franz\u00f6sischen Zulassungspr\u00fcfung um Gymnasiallehrer zu werden, zugelassen. Daraufhin arbeitete er als Journalist und begann mit seiner schriftstellerischen T\u00e4tigkeit. W\u00e4hrend der deutschen Besatzungszeit schloss er sich der R\u00e9sistance an und engagierte sich in der Widerstandsgruppe <i>Combat<\/i>. 1942 erschienen  sein Roman <i>Der Fremde<\/i> und sein philosophischer Essay <i>Der Mythos des Sisyphos<\/i>. Zusammen mit seinem 5 Jahre sp\u00e4ter erschienenen Roman <i>Die Pest<\/i> gelang ihm der literarische Durchbruch. 1957 erhielt Albert Camus den Nobelpreis f\u00fcr Literatur. Zu dieser Zeit versuchte er bei den oftmals mit Gewaltakten einhergehenden Unruhen in Algerien zu vermitteln, um den sich anbahnenden Krieg zu verhindern. Am 4. Januar 1960 starb er bei einem Autounfall in der N\u00e4he von Villeblevin.<\/h3>\n<div class='watch-action'><div class='watch-position align-right'><div class='action-like'><a class='lbg-style1 like-149 jlk' href='javascript:void(0)' data-task='like' data-post_id='149' data-nonce='166a765446' rel='nofollow'><img class='wti-pixel' src='https:\/\/www.einjahrzitate.de\/wp-content\/plugins\/wti-like-post\/images\/pixel.gif' title='Interessant' \/><span class='lc-149 lc'>0<\/span><\/a><\/div><\/div> <div class='status-149 status align-right'><\/div><\/div><div class='wti-clear'><\/div>","protected":false},"excerpt":{"rendered":"<p>Albert Camus wurde am 7. November 1913 in Mondovi geboren. Sein Grundschullehrer Louis Germain half ihm, dass er aufs Gymnasium gehen konnte. Nach dem Abitur studierte er an der Universit\u00e4t in Algier Philosophie. 1936 beendete er sein Studium, aber er wurde aufgrund seiner Tuberkulose nicht zur Agr\u00e9gation, der franz\u00f6sischen Zulassungspr\u00fcfung um Gymnasiallehrer zu werden, zugelassen. [&hellip;]<\/p>\n","protected":false},"author":1,"featured_media":0,"parent":0,"menu_order":0,"comment_status":"closed","ping_status":"closed","template":"","meta":{"_monsterinsights_skip_tracking":false,"_monsterinsights_sitenote_active":false,"_monsterinsights_sitenote_note":"","_monsterinsights_sitenote_category":0,"footnotes":""},"class_list":["post-149","page","type-page","status-publish","hentry"],"_links":{"self":[{"href":"https:\/\/www.einjahrzitate.de\/index.php?rest_route=\/wp\/v2\/pages\/149","targetHints":{"allow":["GET"]}}],"collection":[{"href":"https:\/\/www.einjahrzitate.de\/index.php?rest_route=\/wp\/v2\/pages"}],"about":[{"href":"https:\/\/www.einjahrzitate.de\/index.php?rest_route=\/wp\/v2\/types\/page"}],"author":[{"embeddable":true,"href":"https:\/\/www.einjahrzitate.de\/index.php?rest_route=\/wp\/v2\/users\/1"}],"replies":[{"embeddable":true,"href":"https:\/\/www.einjahrzitate.de\/index.php?rest_route=%2Fwp%2Fv2%2Fcomments&post=149"}],"version-history":[{"count":0,"href":"https:\/\/www.einjahrzitate.de\/index.php?rest_route=\/wp\/v2\/pages\/149\/revisions"}],"wp:attachment":[{"href":"https:\/\/www.einjahrzitate.de\/index.php?rest_route=%2Fwp%2Fv2%2Fmedia&parent=149"}],"curies":[{"name":"wp","href":"https:\/\/api.w.org\/{rel}","templated":true}]}}