{"id":140,"date":"2013-09-19T16:46:44","date_gmt":"2013-09-19T15:46:44","guid":{"rendered":"http:\/\/www.einjahrzitate.de\/?page_id=140"},"modified":"2015-06-09T16:33:41","modified_gmt":"2015-06-09T15:33:41","slug":"karl-rahner","status":"publish","type":"page","link":"https:\/\/www.einjahrzitate.de\/?page_id=140","title":{"rendered":"George Orwell"},"content":{"rendered":"<h3><span style=\"color: #3366ff;\">George Orwell<\/span> wurde am 25. Juni 1903 in Motihari, Bengalen geboren. Als er ein Jahr alt war, kehrte seine Mutter mit ihm und seiner \u00e4lteren Schwester nach England zur\u00fcck. W\u00e4hrend seiner Schulzeit erhielt er ein Stipendium, um auf die Colleges von Wellington und Eton gehen zu k\u00f6nnen. Nach seinem Schulabschluss arbeitete er ab dem Jahr 1922 bei der britischen Kolonialpolizei in Burma. Aber 1927 quittierte er seinen Dienst und fasste den Entschluss, Schriftsteller zu werden. Da der erw\u00fcnschte Erfolg ausblieb, f\u00fchrte er teilweise in Paris und teilweise in London ein schweres und armseliges Leben. 1936 ging er nach Barcelona, um als Korrespondent \u00fcber den Spanischen B\u00fcrgerkrieg zu berichten. Er trat in die Miliz der POUM ein, der Arbeiterpartei der marxistischen Einheit, und musste erleben, wie die Kommunisten die revolution\u00e4ren und anarchistischen Gruppen brutal zu unterdr\u00fccken versuchten. In dieser Zeit wurde er zu einem \u00fcberzeugten Gegner des Stalinismus. Im Jahr 1945 erschien sein Roman <i>Farm der Tiere<\/i>, der in eine Fabel verkleidet den stalinistischen Verrat an den Idealen der Revolution beschreibt. 1946 zog er mit seinem Adoptivsohn auf eine kleine Insel der Hebriden, wo er seinen Roman <i>1984<\/i> schrieb, mit dem ihm zusammen mit der Fabel <i>Farm der Tiere<\/i> der literarische Durchbruch gelang. George Orwell starb am 21. Januar 1950 in einem Londoner Krankenhaus an Tuberkulose. F\u00fcr sein Buch <i>Farm der Tiere<\/i> erhielt er posthum den Hugo Award Preis. <\/h3>\n<div class='watch-action'><div class='watch-position align-right'><div class='action-like'><a class='lbg-style1 like-140 jlk' href='javascript:void(0)' data-task='like' data-post_id='140' data-nonce='166a765446' rel='nofollow'><img class='wti-pixel' src='https:\/\/www.einjahrzitate.de\/wp-content\/plugins\/wti-like-post\/images\/pixel.gif' title='Interessant' \/><span class='lc-140 lc'>0<\/span><\/a><\/div><\/div> <div class='status-140 status align-right'><\/div><\/div><div class='wti-clear'><\/div>","protected":false},"excerpt":{"rendered":"<p>George Orwell wurde am 25. Juni 1903 in Motihari, Bengalen geboren. Als er ein Jahr alt war, kehrte seine Mutter mit ihm und seiner \u00e4lteren Schwester nach England zur\u00fcck. W\u00e4hrend seiner Schulzeit erhielt er ein Stipendium, um auf die Colleges von Wellington und Eton gehen zu k\u00f6nnen. Nach seinem Schulabschluss arbeitete er ab dem Jahr [&hellip;]<\/p>\n","protected":false},"author":1,"featured_media":0,"parent":0,"menu_order":0,"comment_status":"closed","ping_status":"closed","template":"","meta":{"_monsterinsights_skip_tracking":false,"_monsterinsights_sitenote_active":false,"_monsterinsights_sitenote_note":"","_monsterinsights_sitenote_category":0,"footnotes":""},"class_list":["post-140","page","type-page","status-publish","hentry"],"_links":{"self":[{"href":"https:\/\/www.einjahrzitate.de\/index.php?rest_route=\/wp\/v2\/pages\/140","targetHints":{"allow":["GET"]}}],"collection":[{"href":"https:\/\/www.einjahrzitate.de\/index.php?rest_route=\/wp\/v2\/pages"}],"about":[{"href":"https:\/\/www.einjahrzitate.de\/index.php?rest_route=\/wp\/v2\/types\/page"}],"author":[{"embeddable":true,"href":"https:\/\/www.einjahrzitate.de\/index.php?rest_route=\/wp\/v2\/users\/1"}],"replies":[{"embeddable":true,"href":"https:\/\/www.einjahrzitate.de\/index.php?rest_route=%2Fwp%2Fv2%2Fcomments&post=140"}],"version-history":[{"count":0,"href":"https:\/\/www.einjahrzitate.de\/index.php?rest_route=\/wp\/v2\/pages\/140\/revisions"}],"wp:attachment":[{"href":"https:\/\/www.einjahrzitate.de\/index.php?rest_route=%2Fwp%2Fv2%2Fmedia&parent=140"}],"curies":[{"name":"wp","href":"https:\/\/api.w.org\/{rel}","templated":true}]}}