{"id":138,"date":"2013-09-19T16:46:30","date_gmt":"2013-09-19T15:46:30","guid":{"rendered":"http:\/\/www.einjahrzitate.de\/?page_id=138"},"modified":"2015-06-09T16:33:53","modified_gmt":"2015-06-09T15:33:53","slug":"heinrich-boll","status":"publish","type":"page","link":"https:\/\/www.einjahrzitate.de\/?page_id=138","title":{"rendered":"Heinrich B\u00f6ll"},"content":{"rendered":"<h3><span style=\"color: #3366ff;\">Heinrich B\u00f6ll<\/span> wurde am 21. Dezember 1917 in K\u00f6ln geboren. Nach dem Abitur im Jahr 1937 war er Lehrling im Buchhandel, bevor er sich 1939 an der Universit\u00e4t in K\u00f6ln zum Studium der Germanistik und der Klassischen Philologie einschrieb. Im selben Jahr wurde er zum Kriegsdienst eingezogen und war 6 Jahre lang Soldat. In dieser Zeit wurde er zu einem \u00fcberzeugten Kriegsgegner, und seine w\u00e4hrend des Krieges gemachten Erfahrungen verarbeitete er in seinen nach dem Krieg ver\u00f6ffentlichten Erz\u00e4hlungen und in seinem ersten Roman <i>Der Zug war p\u00fcnktlich<\/i>. 1970 wurde er zum Pr\u00e4sidenten des deutschen PEN-Clubs (poets, essayists, novelists) ernannt und ein Jahr sp\u00e4ter zum internationalen Pr\u00e4sidenten des PEN-Clubs, und er hatte dieses Amt bis 1974 inne. 1972 erhielt Heinrich B\u00f6ll den Nobelpreis f\u00fcr Literatur. Zwei Jahre sp\u00e4ter erschien sein Roman <i>Die verlorene Ehre der Katharina Blum<\/i>, in dem er sich mit dem linken Terrorismus in den 1970er Jahren in der BRD und dessen Darstellung in der Sensationspresse auseinandersetzte. Wegen dieses Buchs und seines 1979 ver\u00f6ffentlichten Romans <i>F\u00fcrsorgliche Belagerung<\/i> wurde er oftmals als Sympathisant der Terroristen verleumdet. Heinrich B\u00f6ll starb am 16. Juli 1985 in Langenbroich in der Eifel. <\/h3>\n<div class='watch-action'><div class='watch-position align-right'><div class='action-like'><a class='lbg-style1 like-138 jlk' href='javascript:void(0)' data-task='like' data-post_id='138' data-nonce='166a765446' rel='nofollow'><img class='wti-pixel' src='https:\/\/www.einjahrzitate.de\/wp-content\/plugins\/wti-like-post\/images\/pixel.gif' title='Interessant' \/><span class='lc-138 lc'>0<\/span><\/a><\/div><\/div> <div class='status-138 status align-right'><\/div><\/div><div class='wti-clear'><\/div>","protected":false},"excerpt":{"rendered":"<p>Heinrich B\u00f6ll wurde am 21. Dezember 1917 in K\u00f6ln geboren. Nach dem Abitur im Jahr 1937 war er Lehrling im Buchhandel, bevor er sich 1939 an der Universit\u00e4t in K\u00f6ln zum Studium der Germanistik und der Klassischen Philologie einschrieb. Im selben Jahr wurde er zum Kriegsdienst eingezogen und war 6 Jahre lang Soldat. In dieser [&hellip;]<\/p>\n","protected":false},"author":1,"featured_media":0,"parent":0,"menu_order":0,"comment_status":"closed","ping_status":"closed","template":"","meta":{"_monsterinsights_skip_tracking":false,"_monsterinsights_sitenote_active":false,"_monsterinsights_sitenote_note":"","_monsterinsights_sitenote_category":0,"footnotes":""},"class_list":["post-138","page","type-page","status-publish","hentry"],"_links":{"self":[{"href":"https:\/\/www.einjahrzitate.de\/index.php?rest_route=\/wp\/v2\/pages\/138","targetHints":{"allow":["GET"]}}],"collection":[{"href":"https:\/\/www.einjahrzitate.de\/index.php?rest_route=\/wp\/v2\/pages"}],"about":[{"href":"https:\/\/www.einjahrzitate.de\/index.php?rest_route=\/wp\/v2\/types\/page"}],"author":[{"embeddable":true,"href":"https:\/\/www.einjahrzitate.de\/index.php?rest_route=\/wp\/v2\/users\/1"}],"replies":[{"embeddable":true,"href":"https:\/\/www.einjahrzitate.de\/index.php?rest_route=%2Fwp%2Fv2%2Fcomments&post=138"}],"version-history":[{"count":0,"href":"https:\/\/www.einjahrzitate.de\/index.php?rest_route=\/wp\/v2\/pages\/138\/revisions"}],"wp:attachment":[{"href":"https:\/\/www.einjahrzitate.de\/index.php?rest_route=%2Fwp%2Fv2%2Fmedia&parent=138"}],"curies":[{"name":"wp","href":"https:\/\/api.w.org\/{rel}","templated":true}]}}