{"id":1213,"date":"2015-08-30T18:18:34","date_gmt":"2015-08-30T17:18:34","guid":{"rendered":"http:\/\/www.einjahrzitate.de\/?page_id=1213"},"modified":"2015-09-01T07:54:27","modified_gmt":"2015-09-01T06:54:27","slug":"pierre-teilhard-de-chardin","status":"publish","type":"page","link":"https:\/\/www.einjahrzitate.de\/?page_id=1213","title":{"rendered":"Pierre Teilhard de Chardin"},"content":{"rendered":"<br \/>\n<h3><span style=\"color: #3366ff;\">Pierre Teilhard de Chardin<\/span> wurde am 1. Mai 1881 in Sarcenat in der N\u00e4he von Clermont-Ferrand geboren. 1899 trat er in den Jesuitenorden ein und begann auf der Insel Jersey philosophische, theologische und naturwissenschaftliche Studien. Von 1906 bis 1908 unterrichtete er Physik am Jesuitenkolleg in Kairo. 1920 erfolgte seine Promotion zum Doktor der Naturwissenschaften und er erhielt einen Lehrstuhl am Institut catholique in Paris. Ab 1923 nahm Teilhard de Chardin an zahlreichen pal\u00e4ontologischen Expeditionen in China, Indien und Afrika teil. Die von ihm geschriebenen B\u00fccher wurden vom Vatikan verboten und konnten erst nach seinem Tod ver\u00f6ffentlicht werden. 1946 kehrte Teilhard de Chardin nach Paris zur\u00fcck, wo er zum Offizier der Ehrenlegion ernannt wurde und die franz\u00f6sische Akademie der Wissenschaften ihn zu ihrem Mitglied w\u00e4hlte. Auf Gehei\u00df seines Ordens musste er Frankreich verlassen und ging nach New York. Dort arbeitete er an der Wenner-Gren Foundation for Anthropological Research. Pierre Teilhard de Chardin starb am 10. April 1955 in New York.<\/h3>\n<div class='watch-action'><div class='watch-position align-right'><div class='action-like'><a class='lbg-style1 like-1213 jlk' href='javascript:void(0)' data-task='like' data-post_id='1213' data-nonce='166a765446' rel='nofollow'><img class='wti-pixel' src='https:\/\/www.einjahrzitate.de\/wp-content\/plugins\/wti-like-post\/images\/pixel.gif' title='Interessant' \/><span class='lc-1213 lc'>0<\/span><\/a><\/div><\/div> <div class='status-1213 status align-right'><\/div><\/div><div class='wti-clear'><\/div>","protected":false},"excerpt":{"rendered":"<p>Pierre Teilhard de Chardin wurde am 1. Mai 1881 in Sarcenat in der N\u00e4he von Clermont-Ferrand geboren. 1899 trat er in den Jesuitenorden ein und begann auf der Insel Jersey philosophische, theologische und naturwissenschaftliche Studien. Von 1906 bis 1908 unterrichtete er Physik am Jesuitenkolleg in Kairo. 1920 erfolgte seine Promotion zum Doktor der Naturwissenschaften und [&hellip;]<\/p>\n","protected":false},"author":1,"featured_media":0,"parent":0,"menu_order":0,"comment_status":"closed","ping_status":"open","template":"","meta":{"_monsterinsights_skip_tracking":false,"_monsterinsights_sitenote_active":false,"_monsterinsights_sitenote_note":"","_monsterinsights_sitenote_category":0,"footnotes":""},"class_list":["post-1213","page","type-page","status-publish","hentry"],"_links":{"self":[{"href":"https:\/\/www.einjahrzitate.de\/index.php?rest_route=\/wp\/v2\/pages\/1213","targetHints":{"allow":["GET"]}}],"collection":[{"href":"https:\/\/www.einjahrzitate.de\/index.php?rest_route=\/wp\/v2\/pages"}],"about":[{"href":"https:\/\/www.einjahrzitate.de\/index.php?rest_route=\/wp\/v2\/types\/page"}],"author":[{"embeddable":true,"href":"https:\/\/www.einjahrzitate.de\/index.php?rest_route=\/wp\/v2\/users\/1"}],"replies":[{"embeddable":true,"href":"https:\/\/www.einjahrzitate.de\/index.php?rest_route=%2Fwp%2Fv2%2Fcomments&post=1213"}],"version-history":[{"count":0,"href":"https:\/\/www.einjahrzitate.de\/index.php?rest_route=\/wp\/v2\/pages\/1213\/revisions"}],"wp:attachment":[{"href":"https:\/\/www.einjahrzitate.de\/index.php?rest_route=%2Fwp%2Fv2%2Fmedia&parent=1213"}],"curies":[{"name":"wp","href":"https:\/\/api.w.org\/{rel}","templated":true}]}}